{"id":848,"date":"2022-07-30T14:11:57","date_gmt":"2022-07-30T11:11:57","guid":{"rendered":"http:\/\/www.abmshipping.com\/?page_id=848"},"modified":"2022-07-30T14:12:14","modified_gmt":"2022-07-30T11:12:14","slug":"zonguldak-ttk-limani","status":"publish","type":"page","link":"http:\/\/www.abmshipping.com\/index.php\/zonguldak-ttk-limani\/","title":{"rendered":"Zonguldak TTK liman\u0131"},"content":{"rendered":"<p><img loading=\"lazy\" class=\"alignnone size-large wp-image-849\" src=\"http:\/\/www.abmshipping.com\/wp-content\/uploads\/2022\/07\/zonguldak-ttk-limani-1024x523.png\" alt=\"\" width=\"640\" height=\"327\" srcset=\"http:\/\/www.abmshipping.com\/wp-content\/uploads\/2022\/07\/zonguldak-ttk-limani-1024x523.png 1024w, http:\/\/www.abmshipping.com\/wp-content\/uploads\/2022\/07\/zonguldak-ttk-limani-300x153.png 300w, http:\/\/www.abmshipping.com\/wp-content\/uploads\/2022\/07\/zonguldak-ttk-limani-768x392.png 768w, http:\/\/www.abmshipping.com\/wp-content\/uploads\/2022\/07\/zonguldak-ttk-limani-1536x784.png 1536w, http:\/\/www.abmshipping.com\/wp-content\/uploads\/2022\/07\/zonguldak-ttk-limani-48x25.png 48w, http:\/\/www.abmshipping.com\/wp-content\/uploads\/2022\/07\/zonguldak-ttk-limani.png 1704w\" sizes=\"(max-width: 640px) 100vw, 640px\" \/><\/p>\n<p><span style=\"font-size: 24px;\"><a href=\"http:\/\/taskomuru.net\/tr\/liman-hizmet-tarifeleri\/\">Hizmet Tarifesi<\/a><\/span><\/p>\n<p><span style=\"font-size: 20px; font-family: 'times new roman', times, serif;\">Koordinatlar :\u00a0 41\u00ba 34\u2032 45\u2033 K \u2013 32\u00ba 04\u2032 30\u2033 D \u00a0 \u00a0\u00a0 \/\u00a0\u00a0\u00a0 41\u00ba 23\u2032 10\u2033 K \u2013 31\u00ba 37\u2032 50\u2033 D<\/span><\/p>\n<p>&nbsp;<\/p>\n<p><span style=\"font-size: 20px; font-family: 'times new roman', times, serif;\"><strong>TTK ZONGULDAK L\u0130MANI\u2019NIN \u00d6ZELL\u0130KLER\u0130<\/strong><\/span><\/p>\n<div><span style=\"font-size: 20px; font-family: 'times new roman', times, serif;\">Zonguldak Liman\u0131\u2019na giri\u015f \u2013 \u00e7\u0131k\u0131\u015f yapan gemilere r\u00f6morkaj, palamar,shifting gibi vs. liman hizmetleri TTK taraf\u0131ndan; k\u0131lavuzluk hizmeti K\u0131y\u0131 Emniyeti Genel M\u00fcd\u00fcrl\u00fc\u011f\u00fc taraf\u0131ndan, haftan\u0131n yedi g\u00fcn\u00fc, \u00fc\u00e7 vardiya olarak 24 saat kesintisiz olarak hizmet verilmektedir.<\/span><\/div>\n<p><span style=\"font-size: 20px; font-family: 'times new roman', times, serif;\">Limanda, \u00fc\u00e7 Ro-Ro gemisinin ayn\u0131 anda yana\u015fabildi\u011fi bir adet Ro-Ro r\u0131ht\u0131m\u0131, genel kargo ve d\u00f6kme y\u00fck gemilerinin yana\u015fabildi\u011fi iki adet d\u00f6kme y\u00fck ve genel kargo r\u0131ht\u0131m\u0131 ile bir adet tren ferisi r\u0131ht\u0131m\u0131 mevcuttur.Liman su derinli\u011fi 6,0 \u2013 7,5 metredir.<\/span><\/p>\n<p><span style=\"font-size: 20px; font-family: 'times new roman', times, serif;\">P\u0130LOTAJ\/R\u00d6MORKAJ<\/span><\/p>\n<div><span style=\"font-size: 20px; font-family: 'times new roman', times, serif;\">Gemilerin uymakla y\u00fck\u00fcml\u00fc olduklar\u0131 k\u0131lavuz ve r\u00f6mork\u00f6r alma,muafiyet oranlar\u0131 \u201cLimanlar Y\u00f6netmeli\u011fi\u2019ne\u201d g\u00f6re uygulanmaktad\u0131r.<\/span><\/div>\n<div><\/div>\n<div>\n<p><span style=\"font-size: 20px; font-family: 'times new roman', times, serif;\"><strong>DEN\u0130Z VASITALARI<\/strong><\/span><\/p>\n<p><span style=\"font-size: 20px; font-family: 'times new roman', times, serif;\">Bir k\u0131lavuz botu- bir palamar botu , iki r\u00f6mork\u00f6r bulunmaktad\u0131r.<\/span><\/p>\n<\/div>\n<p><span style=\"font-size: 20px; font-family: 'times new roman', times, serif;\"><strong>ELLE\u00c7LEME EK\u0130PMANLARI\u00a0<\/strong><\/span><\/p>\n<p><span style=\"font-size: 20px; font-family: 'times new roman', times, serif;\"> Limanda faaliyet g\u00f6steren firmalara ait 5 ve 15 tonluk 2 adet elektrikli r\u0131ht\u0131m vinci , 10 \u2013 15 ton kald\u0131rma kapasitesinde mobil vin\u00e7ler ve de\u011fi\u015fik teknik \u00f6zelliklerde i\u015f makineleri ile forkliftler mevcuttur.<\/span><\/p>\n<p>&nbsp;<\/p>\n<p><span style=\"font-size: 20px; font-family: 'times new roman', times, serif;\"><strong>RIHTIMLAR VE A\u00c7IK ALANLAR<\/strong><\/span><\/p>\n<p><span style=\"font-size: 20px; font-family: 'times new roman', times, serif;\">1. TREN FER\u0130S\u0130 RIHTIMI : 200 metre boyunda , 4 adet dolfen , 1 adet gemi kilitleme yap\u0131s\u0131 ve 1 adet hidrolik rampadan olu\u015fmaktad\u0131r.Demiryolu Ba\u011flant\u0131s\u0131 : Var.<\/span><\/p>\n<p><span style=\"font-size: 20px; font-family: 'times new roman', times, serif;\">2. KARGO RIHTIMI : Boy : 215 metre. En : 50 metre. A\u00e7\u0131k Alan : 10.750 m\u00b2 . Y\u00fckseklik : Deniz seviyesinden 2 metre. Y\u00fck \u00d6zelli\u011fi : D\u00f6kme, genel kargo.\u00a0 Demiryolu Ba\u011flant\u0131s\u0131 : Var.<\/span><\/p>\n<p><span style=\"font-size: 20px; font-family: 'times new roman', times, serif;\">3. D\u00d6KME Y\u00dcK RIHTIMI : Boy : 360 metre. En : 50-150 metre.\u00a0 A\u00e7\u0131k Alan : 27.000 m\u00b2 . Y\u00fckseklik : Deniz seviyesinden 2 metre.Y\u00fck \u00d6zelli\u011fi : D\u00f6kme , genel kargo. Demiryolu Ba\u011flant\u0131s\u0131 : Var.<\/span><\/p>\n<p><span style=\"font-size: 20px; font-family: 'times new roman', times, serif;\">4. RO-RO RIHTIMI : Boy : 125 metre. En : 75 metre.A\u00e7\u0131k Alan : 40.000 m\u00b2 .Y\u00fckseklik : Deniz seviyesinden 2 metre.Y\u00fck \u00d6zelli\u011fi : Ara\u00e7, yolcu, genel kargo.<\/span><\/p>\n<p>&nbsp;<\/p>\n<p><span style=\"font-size: 20px; font-family: 'times new roman', times, serif;\"><strong>GEM\u0130 OPERASYONLARI<\/strong><\/span><\/p>\n<p><span style=\"font-size: 20px; font-family: 'times new roman', times, serif;\">Zonguldak Liman\u0131\u2019na giri\u015f \u2013 \u00e7\u0131k\u0131\u015f yapan gemilere k\u0131lavuzluk, r\u00f6morkaj, palamar, shifting gibi vs. liman hizmetleri TTK taraf\u0131ndan haftan\u0131n yedi g\u00fcn\u00fc \u00fc\u00e7 vardiya olarak 24 saat kesintisiz verilmektedir.<\/span><\/p>\n<p><span style=\"font-size: 20px; font-family: 'times new roman', times, serif;\"><strong>Y\u00dcK OPERASYONLARI<\/strong><\/span><\/p>\n<p><span style=\"font-size: 20px; font-family: 'times new roman', times, serif;\">Y\u00fck sahibi, gemi veya limanda faaliyet g\u00f6steren firmalar taraf\u0131ndan kesintisiz yap\u0131lmaktad\u0131r. Liman \u015fartlar\u0131na uygun olmak ko\u015fulu ile, y\u00fckleme ve bo\u015faltma s\u00fcresi boyunca y\u00fck sahibine ait veya y\u00fck sahibince kiralanan vin\u00e7lerin limanda \u00e7al\u0131\u015fmas\u0131na m\u00fcsaade edilmektedir.<\/span><\/p>\n<p>&nbsp;<\/p>\n<p>&nbsp;<\/p>\n","protected":false},"excerpt":{"rendered":"<p>Hizmet Tarifesi Koordinatlar :\u00a0 41\u00ba 34\u2032 45\u2033 K \u2013 32\u00ba 04\u2032 30\u2033 D \u00a0 \u00a0\u00a0 \/\u00a0\u00a0\u00a0 41\u00ba 23\u2032 10\u2033 K \u2013 31\u00ba 37\u2032 50\u2033 D &nbsp; TTK ZONGULDAK L\u0130MANI\u2019NIN \u00d6ZELL\u0130KLER\u0130 Zonguldak Liman\u0131\u2019na giri\u015f \u2013 \u00e7\u0131k\u0131\u015f yapan gemilere r\u00f6morkaj, palamar,shifting gibi vs. liman hizmetleri TTK taraf\u0131ndan; k\u0131lavuzluk hizmeti K\u0131y\u0131 Emniyeti Genel M\u00fcd\u00fcrl\u00fc\u011f\u00fc taraf\u0131ndan, haftan\u0131n yedi g\u00fcn\u00fc, [&hellip;]<\/p>\n","protected":false},"author":1,"featured_media":0,"parent":0,"menu_order":0,"comment_status":"closed","ping_status":"closed","template":"","meta":{"extendify_custom_stylesheet":""},"yoast_head":"<!-- This site is optimized with the Yoast SEO plugin v19.3 - https:\/\/yoast.com\/wordpress\/plugins\/seo\/ -->\n<title>Zonguldak TTK liman\u0131 | Abm Denizcilik<\/title>\n<meta name=\"robots\" content=\"index, follow, max-snippet:-1, max-image-preview:large, max-video-preview:-1\" \/>\n<link rel=\"canonical\" href=\"http:\/\/www.abmshipping.com\/index.php\/zonguldak-ttk-limani\/\" \/>\n<meta property=\"og:locale\" content=\"tr_TR\" \/>\n<meta property=\"og:type\" content=\"article\" \/>\n<meta property=\"og:title\" content=\"Zonguldak TTK liman\u0131 | Abm Denizcilik\" \/>\n<meta property=\"og:description\" content=\"Hizmet Tarifesi Koordinatlar :\u00a0 41\u00ba 34\u2032 45\u2033 K \u2013 32\u00ba 04\u2032 30\u2033 D \u00a0 \u00a0\u00a0 \/\u00a0\u00a0\u00a0 41\u00ba 23\u2032 10\u2033 K \u2013 31\u00ba 37\u2032 50\u2033 D &nbsp; TTK ZONGULDAK L\u0130MANI\u2019NIN \u00d6ZELL\u0130KLER\u0130 Zonguldak Liman\u0131\u2019na giri\u015f \u2013 \u00e7\u0131k\u0131\u015f yapan gemilere r\u00f6morkaj, palamar,shifting gibi vs. liman hizmetleri TTK taraf\u0131ndan; k\u0131lavuzluk hizmeti K\u0131y\u0131 Emniyeti Genel M\u00fcd\u00fcrl\u00fc\u011f\u00fc taraf\u0131ndan, haftan\u0131n yedi g\u00fcn\u00fc, [&hellip;]\" \/>\n<meta property=\"og:url\" content=\"http:\/\/www.abmshipping.com\/index.php\/zonguldak-ttk-limani\/\" \/>\n<meta property=\"og:site_name\" content=\"Abm Denizcilik\" \/>\n<meta property=\"article:modified_time\" content=\"2022-07-30T11:12:14+00:00\" \/>\n<meta property=\"og:image\" content=\"http:\/\/www.abmshipping.com\/wp-content\/uploads\/2022\/07\/zonguldak-ttk-limani-1024x523.png\" \/>\n<meta name=\"twitter:card\" content=\"summary_large_image\" \/>\n<meta name=\"twitter:label1\" content=\"Tahmini okuma s\u00fcresi\" \/>\n\t<meta name=\"twitter:data1\" content=\"3 dakika\" \/>\n<script type=\"application\/ld+json\" class=\"yoast-schema-graph\">{\"@context\":\"https:\/\/schema.org\",\"@graph\":[{\"@type\":\"Organization\",\"@id\":\"http:\/\/www.abmshipping.com\/#organization\",\"name\":\"ABM DEN\u0130ZC\u0130L\u0130K VE GEM\u0130 H\u0130ZMETLET\u0130 T\u0130CARET L\u0130M\u0130TED \u015e\u0130RKET\u0130\",\"url\":\"http:\/\/www.abmshipping.com\/\",\"sameAs\":[\"https:\/\/www.instagram.com\/abmshipping\/\"],\"logo\":{\"@type\":\"ImageObject\",\"inLanguage\":\"tr\",\"@id\":\"http:\/\/www.abmshipping.com\/#\/schema\/logo\/image\/\",\"url\":\"http:\/\/www.abmshipping.com\/wp-content\/uploads\/2022\/04\/cropped-cropped-cropped-ABM_TURKCE_LOGO-removebg-preview-1.png\",\"contentUrl\":\"http:\/\/www.abmshipping.com\/wp-content\/uploads\/2022\/04\/cropped-cropped-cropped-ABM_TURKCE_LOGO-removebg-preview-1.png\",\"width\":278,\"height\":205,\"caption\":\"ABM DEN\u0130ZC\u0130L\u0130K VE GEM\u0130 H\u0130ZMETLET\u0130 T\u0130CARET L\u0130M\u0130TED \u015e\u0130RKET\u0130\"},\"image\":{\"@id\":\"http:\/\/www.abmshipping.com\/#\/schema\/logo\/image\/\"}},{\"@type\":\"WebSite\",\"@id\":\"http:\/\/www.abmshipping.com\/#website\",\"url\":\"http:\/\/www.abmshipping.com\/\",\"name\":\"Abm Denizcilik\",\"description\":\"Her\u015fey yolunda\",\"publisher\":{\"@id\":\"http:\/\/www.abmshipping.com\/#organization\"},\"potentialAction\":[{\"@type\":\"SearchAction\",\"target\":{\"@type\":\"EntryPoint\",\"urlTemplate\":\"http:\/\/www.abmshipping.com\/?s={search_term_string}\"},\"query-input\":\"required name=search_term_string\"}],\"inLanguage\":\"tr\"},{\"@type\":\"ImageObject\",\"inLanguage\":\"tr\",\"@id\":\"http:\/\/www.abmshipping.com\/index.php\/zonguldak-ttk-limani\/#primaryimage\",\"url\":\"http:\/\/www.abmshipping.com\/wp-content\/uploads\/2022\/07\/zonguldak-ttk-limani.png\",\"contentUrl\":\"http:\/\/www.abmshipping.com\/wp-content\/uploads\/2022\/07\/zonguldak-ttk-limani.png\",\"width\":1704,\"height\":870},{\"@type\":\"WebPage\",\"@id\":\"http:\/\/www.abmshipping.com\/index.php\/zonguldak-ttk-limani\/\",\"url\":\"http:\/\/www.abmshipping.com\/index.php\/zonguldak-ttk-limani\/\",\"name\":\"Zonguldak TTK liman\u0131 | Abm Denizcilik\",\"isPartOf\":{\"@id\":\"http:\/\/www.abmshipping.com\/#website\"},\"primaryImageOfPage\":{\"@id\":\"http:\/\/www.abmshipping.com\/index.php\/zonguldak-ttk-limani\/#primaryimage\"},\"datePublished\":\"2022-07-30T11:11:57+00:00\",\"dateModified\":\"2022-07-30T11:12:14+00:00\",\"breadcrumb\":{\"@id\":\"http:\/\/www.abmshipping.com\/index.php\/zonguldak-ttk-limani\/#breadcrumb\"},\"inLanguage\":\"tr\",\"potentialAction\":[{\"@type\":\"ReadAction\",\"target\":[\"http:\/\/www.abmshipping.com\/index.php\/zonguldak-ttk-limani\/\"]}]},{\"@type\":\"BreadcrumbList\",\"@id\":\"http:\/\/www.abmshipping.com\/index.php\/zonguldak-ttk-limani\/#breadcrumb\",\"itemListElement\":[{\"@type\":\"ListItem\",\"position\":1,\"name\":\"Anasayfa\",\"item\":\"http:\/\/www.abmshipping.com\/\"},{\"@type\":\"ListItem\",\"position\":2,\"name\":\"Zonguldak TTK liman\u0131\"}]}]}<\/script>\n<!-- \/ Yoast SEO plugin. -->","yoast_head_json":{"title":"Zonguldak TTK liman\u0131 | Abm Denizcilik","robots":{"index":"index","follow":"follow","max-snippet":"max-snippet:-1","max-image-preview":"max-image-preview:large","max-video-preview":"max-video-preview:-1"},"canonical":"http:\/\/www.abmshipping.com\/index.php\/zonguldak-ttk-limani\/","og_locale":"tr_TR","og_type":"article","og_title":"Zonguldak TTK liman\u0131 | Abm Denizcilik","og_description":"Hizmet Tarifesi Koordinatlar :\u00a0 41\u00ba 34\u2032 45\u2033 K \u2013 32\u00ba 04\u2032 30\u2033 D \u00a0 \u00a0\u00a0 \/\u00a0\u00a0\u00a0 41\u00ba 23\u2032 10\u2033 K \u2013 31\u00ba 37\u2032 50\u2033 D &nbsp; TTK ZONGULDAK L\u0130MANI\u2019NIN \u00d6ZELL\u0130KLER\u0130 Zonguldak Liman\u0131\u2019na giri\u015f \u2013 \u00e7\u0131k\u0131\u015f yapan gemilere r\u00f6morkaj, palamar,shifting gibi vs. liman hizmetleri TTK taraf\u0131ndan; k\u0131lavuzluk hizmeti K\u0131y\u0131 Emniyeti Genel M\u00fcd\u00fcrl\u00fc\u011f\u00fc taraf\u0131ndan, haftan\u0131n yedi g\u00fcn\u00fc, [&hellip;]","og_url":"http:\/\/www.abmshipping.com\/index.php\/zonguldak-ttk-limani\/","og_site_name":"Abm Denizcilik","article_modified_time":"2022-07-30T11:12:14+00:00","og_image":[{"url":"http:\/\/www.abmshipping.com\/wp-content\/uploads\/2022\/07\/zonguldak-ttk-limani-1024x523.png"}],"twitter_card":"summary_large_image","twitter_misc":{"Tahmini okuma s\u00fcresi":"3 dakika"},"schema":{"@context":"https:\/\/schema.org","@graph":[{"@type":"Organization","@id":"http:\/\/www.abmshipping.com\/#organization","name":"ABM DEN\u0130ZC\u0130L\u0130K VE GEM\u0130 H\u0130ZMETLET\u0130 T\u0130CARET L\u0130M\u0130TED \u015e\u0130RKET\u0130","url":"http:\/\/www.abmshipping.com\/","sameAs":["https:\/\/www.instagram.com\/abmshipping\/"],"logo":{"@type":"ImageObject","inLanguage":"tr","@id":"http:\/\/www.abmshipping.com\/#\/schema\/logo\/image\/","url":"http:\/\/www.abmshipping.com\/wp-content\/uploads\/2022\/04\/cropped-cropped-cropped-ABM_TURKCE_LOGO-removebg-preview-1.png","contentUrl":"http:\/\/www.abmshipping.com\/wp-content\/uploads\/2022\/04\/cropped-cropped-cropped-ABM_TURKCE_LOGO-removebg-preview-1.png","width":278,"height":205,"caption":"ABM DEN\u0130ZC\u0130L\u0130K VE GEM\u0130 H\u0130ZMETLET\u0130 T\u0130CARET L\u0130M\u0130TED \u015e\u0130RKET\u0130"},"image":{"@id":"http:\/\/www.abmshipping.com\/#\/schema\/logo\/image\/"}},{"@type":"WebSite","@id":"http:\/\/www.abmshipping.com\/#website","url":"http:\/\/www.abmshipping.com\/","name":"Abm Denizcilik","description":"Her\u015fey yolunda","publisher":{"@id":"http:\/\/www.abmshipping.com\/#organization"},"potentialAction":[{"@type":"SearchAction","target":{"@type":"EntryPoint","urlTemplate":"http:\/\/www.abmshipping.com\/?s={search_term_string}"},"query-input":"required name=search_term_string"}],"inLanguage":"tr"},{"@type":"ImageObject","inLanguage":"tr","@id":"http:\/\/www.abmshipping.com\/index.php\/zonguldak-ttk-limani\/#primaryimage","url":"http:\/\/www.abmshipping.com\/wp-content\/uploads\/2022\/07\/zonguldak-ttk-limani.png","contentUrl":"http:\/\/www.abmshipping.com\/wp-content\/uploads\/2022\/07\/zonguldak-ttk-limani.png","width":1704,"height":870},{"@type":"WebPage","@id":"http:\/\/www.abmshipping.com\/index.php\/zonguldak-ttk-limani\/","url":"http:\/\/www.abmshipping.com\/index.php\/zonguldak-ttk-limani\/","name":"Zonguldak TTK liman\u0131 | Abm Denizcilik","isPartOf":{"@id":"http:\/\/www.abmshipping.com\/#website"},"primaryImageOfPage":{"@id":"http:\/\/www.abmshipping.com\/index.php\/zonguldak-ttk-limani\/#primaryimage"},"datePublished":"2022-07-30T11:11:57+00:00","dateModified":"2022-07-30T11:12:14+00:00","breadcrumb":{"@id":"http:\/\/www.abmshipping.com\/index.php\/zonguldak-ttk-limani\/#breadcrumb"},"inLanguage":"tr","potentialAction":[{"@type":"ReadAction","target":["http:\/\/www.abmshipping.com\/index.php\/zonguldak-ttk-limani\/"]}]},{"@type":"BreadcrumbList","@id":"http:\/\/www.abmshipping.com\/index.php\/zonguldak-ttk-limani\/#breadcrumb","itemListElement":[{"@type":"ListItem","position":1,"name":"Anasayfa","item":"http:\/\/www.abmshipping.com\/"},{"@type":"ListItem","position":2,"name":"Zonguldak TTK liman\u0131"}]}]}},"_links":{"self":[{"href":"http:\/\/www.abmshipping.com\/index.php\/wp-json\/wp\/v2\/pages\/848"}],"collection":[{"href":"http:\/\/www.abmshipping.com\/index.php\/wp-json\/wp\/v2\/pages"}],"about":[{"href":"http:\/\/www.abmshipping.com\/index.php\/wp-json\/wp\/v2\/types\/page"}],"author":[{"embeddable":true,"href":"http:\/\/www.abmshipping.com\/index.php\/wp-json\/wp\/v2\/users\/1"}],"replies":[{"embeddable":true,"href":"http:\/\/www.abmshipping.com\/index.php\/wp-json\/wp\/v2\/comments?post=848"}],"version-history":[{"count":4,"href":"http:\/\/www.abmshipping.com\/index.php\/wp-json\/wp\/v2\/pages\/848\/revisions"}],"predecessor-version":[{"id":887,"href":"http:\/\/www.abmshipping.com\/index.php\/wp-json\/wp\/v2\/pages\/848\/revisions\/887"}],"wp:attachment":[{"href":"http:\/\/www.abmshipping.com\/index.php\/wp-json\/wp\/v2\/media?parent=848"}],"curies":[{"name":"wp","href":"https:\/\/api.w.org\/{rel}","templated":true}]}}