{"id":440,"date":"2022-05-16T15:56:47","date_gmt":"2022-05-16T12:56:47","guid":{"rendered":"http:\/\/www.abmshipping.com\/?page_id=440"},"modified":"2022-07-31T00:57:55","modified_gmt":"2022-07-30T21:57:55","slug":"bandirma-limani","status":"publish","type":"page","link":"http:\/\/www.abmshipping.com\/index.php\/bandirma-limani\/","title":{"rendered":"Band\u0131rma Liman\u0131"},"content":{"rendered":"\r\n<figure class=\"wp-block-image size-full is-resized is-style-rounded\"><img loading=\"lazy\" class=\"wp-image-718 alignright\" src=\"http:\/\/www.abmshipping.com\/wp-content\/uploads\/2022\/07\/bandirma.jpeg\" alt=\"\" width=\"477\" height=\"316\" srcset=\"http:\/\/www.abmshipping.com\/wp-content\/uploads\/2022\/07\/bandirma.jpeg 620w, http:\/\/www.abmshipping.com\/wp-content\/uploads\/2022\/07\/bandirma-300x198.jpeg 300w, http:\/\/www.abmshipping.com\/wp-content\/uploads\/2022\/07\/bandirma-48x32.jpeg 48w\" sizes=\"(max-width: 477px) 100vw, 477px\" \/><\/figure>\r\n<p>&nbsp;<\/p>\r\n\r\n\r\n\r\n<h3 style=\"text-align: left;\">L\u0130MANIN \u00d6ZELL\u0130KLER\u0130<\/h3>\r\n\r\n\r\n\r\n<p class=\"has-text-align-left\" style=\"font-size: 18px; text-align: left;\"><code>Band\u0131rma liman\u0131 konumu itibar\u0131 ile \u00fclkenin en \u00f6nemli limanlar\u0131ndan biri olman\u0131n yan\u0131nda t\u00fcm \u00fclkeye uzanan demiryolu ba\u011flant\u0131s\u0131 ile kombine ta\u015f\u0131mac\u0131l\u0131kla her t\u00fcrl\u00fc y\u00fck\u00fcn elle\u00e7lenebilece\u011fi bir limand\u0131r.<\/code><\/p>\r\n\r\n\r\n\r\n<p class=\"has-text-align-left\" style=\"font-size: 18px; text-align: left;\">Toplam uzunlu\u011fu 2973 metre ve derinlikleri 6- 11.50\u00a0metre aras\u0131nda de\u011fi\u015fen 20 adet r\u0131ht\u0131m\u0131nda konteyner,d\u00f6kme y\u00fck, genel y\u00fck, proje y\u00fck\u00fc ve Ro-Ro gemilerine hizmet verilmektedir. R\u0131ht\u0131mdaki y\u00fckleme-bo\u015faltma hizmetleri y\u00fcksek teknolojili mobil vin\u00e7ler, ekskavat\u00f6rler ve konvey\u00f6r sistemi ile ger\u00e7ekle\u015ftirilmektedir.<\/p>\r\n\r\n\r\n\r\n<p class=\"has-text-align-left\" style=\"font-size: 18px; text-align: left;\">1000 metre ve 500 metre uzunlu\u011funda iki mendire\u011fi vard\u0131r, iki mendirek aras\u0131 a\u00e7\u0131kl\u0131k 225 metredir.<br \/>Band\u0131rma liman\u0131, Liman \u0130\u015fletmecili\u011fi Y\u00f6netmelikleri\u2019ne g\u00f6re gemilere verilmesi zorunlu olan k\u0131lavuzluk ve r\u00f6morkaj hizmetlerini, deneyimli, y\u00fcksek e\u011fitimli ve ehliyetli k\u0131lavuz kaptanlar\u0131n y\u00f6netiminde; 2 adet r\u00f6mork\u00f6r, 1 adet pilot botu ve 1 adet palamar botu ile s\u00fcrd\u00fcrmektedir.<\/p>\r\n\r\n\r\n\r\n<p class=\"has-text-align-left\" style=\"font-size: 18px; text-align: left;\">Band\u0131rma liman\u0131 makine park\u0131nda bulunan; \u00a01 adet 104ton kapasiteli LIEBHERR LHM400, 1 adet 104ton kapasiteli REGGIANE MHC200, 1 adet 63ton kapasiteli GOTTWALD HMK170E, 1 adet\u00a0<strong>SENNEBOGEN 880EQ<\/strong>, 1 adet\u00a0<strong>SENNEBOGEN 870 SPECIAL<\/strong>, 2 adet<strong>\u00a0SENNEBOGEN 835R SPECIAL<\/strong>, 2 adet\u00a0<strong>SENNEBOGEN 835M SPECIAL<\/strong>, 45 ton kapasiteli 2 adet dolu konteyner istif makinesi, 8 ton kapasiteli 2 adet bo\u015f konteyner istif makinesi, blok mermer dolumlar\u0131nda kullan\u0131lan 1 adet\u00a0<strong>32 ton HYSTER<\/strong>\u00a0b\u0131\u00e7akl\u0131 forklift, 5 adet forklift, 6 adet miniloader, 3 adet loader, 3 Ekskavator ve di\u011fer saha ekipmanlar\u0131 ile t\u00fcm y\u00fck taleplerini kar\u015f\u0131layabilecek bir pozisyondad\u0131r.<\/p>\r\n\r\n\r\n\r\n<p style=\"text-align: left;\">\u00a0<\/p>\r\n\r\n\r\n\r\n<h3 class=\"has-medium-font-size\" style=\"text-align: left;\">MEVK\u0130<\/h3>\r\n\r\n\r\n\r\n<figure class=\"wp-block-table has-medium-font-size\">\r\n<table>\r\n<tbody>\r\n<tr>\r\n<td>Enlem<\/td>\r\n<td>36\u00b0 21\u2032 45\u2033 N<\/td>\r\n<\/tr>\r\n<tr>\r\n<td>Boylam<\/td>\r\n<td>27\u00b0 57\u2032 50\u2033 E<\/td>\r\n<\/tr>\r\n<tr>\r\n<td>Zaman<\/td>\r\n<td>GMT + 2<\/td>\r\n<\/tr>\r\n<tr>\r\n<td>Uluslararas\u0131 Liman Kodu<\/td>\r\n<td>TR BDM<\/td>\r\n<\/tr>\r\n<tr>\r\n<td>TSHOD<\/td>\r\n<td>2941<\/td>\r\n<\/tr>\r\n<tr>\r\n<td>Admiralty Chart Number<\/td>\r\n<td>1006<\/td>\r\n<\/tr>\r\n<tr>\r\n<td>Liman Kontrol<\/td>\r\n<td>VHF Ch-12\/16<\/td>\r\n<\/tr>\r\n<\/tbody>\r\n<\/table>\r\n<\/figure>\r\n\r\n\r\n\r\n<h3 style=\"text-align: left;\">KAPAS\u0130TE B\u0130LG\u0130LER\u0130<\/h3>\r\n\r\n\r\n\r\n<figure class=\"wp-block-table has-medium-font-size\">\r\n<table>\r\n<tbody>\r\n<tr>\r\n<td>SAHA KAPAS\u0130TES\u0130<\/td>\r\n<\/tr>\r\n<tr>\r\n<td>Toplam Liman Sahas\u0131 (m\u00b2)<\/td>\r\n<td>268.348<\/td>\r\n<\/tr>\r\n<tr>\r\n<td>Toplam Depolama Sahas\u0131 (m\u00b2)<\/td>\r\n<td>215.569<\/td>\r\n<\/tr>\r\n<tr>\r\n<td>G\u00fcmr\u00fckl\u00fc Alan (m\u00b2)<\/td>\r\n<td>268.348<\/td>\r\n<\/tr>\r\n<tr>\r\n<td>Ekipman Park Alan\u0131 (m\u00b2)<\/td>\r\n<td>1500<\/td>\r\n<\/tr>\r\n<tr>\r\n<td>CFS (m\u00b2)<\/td>\r\n<td>8.000<\/td>\r\n<\/tr>\r\n<tr>\r\n<td>Toplam R\u0131ht\u0131m Uzunlu\u011fu (m)<\/td>\r\n<td>2.973<\/td>\r\n<\/tr>\r\n<tr>\r\n<td>Y\u00dcK KAPAS\u0130TES\u0130<\/td>\r\n<\/tr>\r\n<tr>\r\n<td>Konteyner (TEU\/Y\u0131l)<\/td>\r\n<td>350.000<\/td>\r\n<\/tr>\r\n<tr>\r\n<td>D\u00f6kme Y\u00fck (Ton \/Y\u0131l)<\/td>\r\n<td>12.000.000<\/td>\r\n<\/tr>\r\n<tr>\r\n<td>Genel Y\u00fck (Ton\/Y\u0131l)<\/td>\r\n<td>1.000.000<\/td>\r\n<\/tr>\r\n<tr>\r\n<td>S\u0131v\u0131 D\u00f6kme Y\u00fck (Ton\/Y\u0131l)<\/td>\r\n<td>1.000.000<\/td>\r\n<\/tr>\r\n<tr>\r\n<td>DEPOLAMA KAPAS\u0130TES\u0130<\/td>\r\n<\/tr>\r\n<tr>\r\n<td>Konteyner (TEU)<\/td>\r\n<td>4.195<\/td>\r\n<\/tr>\r\n<tr>\r\n<td>D\u00f6kme Y\u00fck \/ A\u00e7\u0131k Saha (Ton)<\/td>\r\n<td>165.000<\/td>\r\n<\/tr>\r\n<tr>\r\n<td>D\u00f6kme Y\u00fck \/ Kapal\u0131 Depo (Ton)<\/td>\r\n<td>35.000<\/td>\r\n<\/tr>\r\n<tr>\r\n<td>Genel Y\u00fck (Ton)<\/td>\r\n<td>110.000<\/td>\r\n<\/tr>\r\n<tr>\r\n<td>GEM\u0130 KABUL KAPAS\u0130TES\u0130<\/td>\r\n<\/tr>\r\n<tr>\r\n<td>Konteyner (Adet\/Y\u0131l)<\/td>\r\n<td>330<\/td>\r\n<\/tr>\r\n<tr>\r\n<td>D\u00f6kme Y\u00fck (Adet\/Y\u0131l)<\/td>\r\n<td>3.240<\/td>\r\n<\/tr>\r\n<tr>\r\n<td>S\u0131v\u0131 D\u00f6kme Y\u00fck (Adet\/Y\u0131l)<\/td>\r\n<td>216<\/td>\r\n<\/tr>\r\n<tr>\r\n<td>Genel Y\u00fck (Adet\/Y\u0131l)<\/td>\r\n<td>216<\/td>\r\n<\/tr>\r\n<tr>\r\n<td>Ro-Ro (Adet\/Y\u0131l)<\/td>\r\n<td>13.140<\/td>\r\n<\/tr>\r\n<tr>\r\n<td>Yolcu Gemisi (Adet\/Y\u0131l)<\/td>\r\n<td>0<\/td>\r\n<\/tr>\r\n<tr>\r\n<td>ELLE\u00c7LEME KAPAS\u0130TES\u0130<\/td>\r\n<td>GANG\/SHIFT<\/td>\r\n<\/tr>\r\n<tr>\r\n<td>Konteyner \u2013 Y\u00fckleme\/Bo\u015faltma (TEU)<\/td>\r\n<td>348<\/td>\r\n<\/tr>\r\n<tr>\r\n<td>D\u00f6kme Y\u00fck \u2013 Tahliye (Ton)<\/td>\r\n<td>4.000<\/td>\r\n<\/tr>\r\n<tr>\r\n<td>D\u00f6kme Y\u00fck \u2013 Y\u00fckleme (Ton)<\/td>\r\n<td>4.000<\/td>\r\n<\/tr>\r\n<tr>\r\n<td>Genel Y\u00fck \u2013 Tahliye (Ton)<\/td>\r\n<td>2.350<\/td>\r\n<\/tr>\r\n<tr>\r\n<td>Genel Y\u00fck \u2013 Y\u00fckleme (Ton)<\/td>\r\n<td>1.800<\/td>\r\n<\/tr>\r\n<\/tbody>\r\n<\/table>\r\n<\/figure>\r\n\r\n\r\n\r\n<h3 style=\"text-align: left;\">\u00a0<\/h3>\r\n\r\n\r\n\r\n<figure class=\"wp-block-table has-medium-font-size\">\r\n<table>\r\n<tbody>\r\n<tr>\r\n<td>L\u0130MAN RIHTIM VE \u00d6ZELL\u0130KLER\u0130<\/td>\r\n<\/tr>\r\n<tr>\r\n<td>R\u0131t\u0131m\/\u0130skele Numaras\u0131<\/td>\r\n<td>Boy (metre)<\/td>\r\n<td>Max. Su derinli\u011fi (metre)<\/td>\r\n<\/tr>\r\n<tr>\r\n<td>1 Nolu R\u0131ht\u0131m<\/td>\r\n<td>130<\/td>\r\n<td>8,25<\/td>\r\n<\/tr>\r\n<tr>\r\n<td>2 Nolu R\u0131ht\u0131m<\/td>\r\n<td>190<\/td>\r\n<td>10<\/td>\r\n<\/tr>\r\n<tr>\r\n<td>3 Nolu R\u0131ht\u0131m<\/td>\r\n<td>85<\/td>\r\n<td>4,5<\/td>\r\n<\/tr>\r\n<tr>\r\n<td>4-5 Nolu R\u0131ht\u0131m<\/td>\r\n<td>324<\/td>\r\n<td>10<\/td>\r\n<\/tr>\r\n<tr>\r\n<td>6 Nolu R\u0131ht\u0131m<\/td>\r\n<td>130<\/td>\r\n<td>10<\/td>\r\n<\/tr>\r\n<tr>\r\n<td>7-8 Nolu R\u0131ht\u0131m<\/td>\r\n<td>379<\/td>\r\n<td>12<\/td>\r\n<\/tr>\r\n<tr>\r\n<td>9 Nolu R\u0131ht\u0131m<\/td>\r\n<td>190<\/td>\r\n<td>9,5<\/td>\r\n<\/tr>\r\n<tr>\r\n<td>10 Nolu R\u0131ht\u0131m<\/td>\r\n<td>100<\/td>\r\n<td>10<\/td>\r\n<\/tr>\r\n<tr>\r\n<td>11 Nolu R\u0131ht\u0131m<\/td>\r\n<td>190<\/td>\r\n<td>9,5<\/td>\r\n<\/tr>\r\n<tr>\r\n<td>12 Nolu R\u0131ht\u0131m<\/td>\r\n<td>182<\/td>\r\n<td>10<\/td>\r\n<\/tr>\r\n<tr>\r\n<td>13 Nolu R\u0131ht\u0131m<\/td>\r\n<td>80<\/td>\r\n<td>10<\/td>\r\n<\/tr>\r\n<tr>\r\n<td>14 Nolu R\u0131ht\u0131m<\/td>\r\n<td>179<\/td>\r\n<td>8,25<\/td>\r\n<\/tr>\r\n<tr>\r\n<td>14\/15 Nolu R\u0131ht\u0131m<\/td>\r\n<td>58<\/td>\r\n<td>7<\/td>\r\n<\/tr>\r\n<tr>\r\n<td>15 Nolu R\u0131ht\u0131m<\/td>\r\n<td>140<\/td>\r\n<td>5<\/td>\r\n<\/tr>\r\n<tr>\r\n<td>16 Nolu R\u0131ht\u0131m<\/td>\r\n<td>130<\/td>\r\n<td>4,5<\/td>\r\n<\/tr>\r\n<tr>\r\n<td>17 Nolu R\u0131ht\u0131m<\/td>\r\n<td>120<\/td>\r\n<td>4,5<\/td>\r\n<\/tr>\r\n<tr>\r\n<td>18 Nolu R\u0131ht\u0131m<\/td>\r\n<td>215<\/td>\r\n<td>4,5<\/td>\r\n<\/tr>\r\n<tr>\r\n<td>19 Nolu R\u0131ht\u0131m<\/td>\r\n<td>170<\/td>\r\n<td>4,5<\/td>\r\n<\/tr>\r\n<tr>\r\n<td>20 Nolu R\u0131ht\u0131m<\/td>\r\n<td>50<\/td>\r\n<td>4,5<\/td>\r\n<\/tr>\r\n<\/tbody>\r\n<\/table>\r\n<\/figure>\r\n\r\n\r\n","protected":false},"excerpt":{"rendered":"<p>L\u0130MANIN \u00d6ZELL\u0130KLER\u0130 Band\u0131rma liman\u0131 konumu itibar\u0131 ile \u00fclkenin en \u00f6nemli limanlar\u0131ndan biri olman\u0131n yan\u0131nda t\u00fcm \u00fclkeye uzanan demiryolu ba\u011flant\u0131s\u0131 ile kombine ta\u015f\u0131mac\u0131l\u0131kla her t\u00fcrl\u00fc y\u00fck\u00fcn elle\u00e7lenebilece\u011fi bir limand\u0131r. Toplam uzunlu\u011fu 2973 metre ve derinlikleri 6- 11.50\u00a0metre aras\u0131nda de\u011fi\u015fen 20 adet r\u0131ht\u0131m\u0131nda konteyner,d\u00f6kme y\u00fck, genel y\u00fck, proje y\u00fck\u00fc ve Ro-Ro gemilerine hizmet verilmektedir. R\u0131ht\u0131mdaki y\u00fckleme-bo\u015faltma hizmetleri [&hellip;]<\/p>\n","protected":false},"author":1,"featured_media":718,"parent":0,"menu_order":0,"comment_status":"closed","ping_status":"closed","template":"","meta":{"extendify_custom_stylesheet":""},"yoast_head":"<!-- This site is optimized with the Yoast SEO plugin v19.3 - https:\/\/yoast.com\/wordpress\/plugins\/seo\/ -->\n<title>Band\u0131rma Liman\u0131 | Abm Denizcilik<\/title>\n<meta name=\"robots\" content=\"index, follow, max-snippet:-1, max-image-preview:large, max-video-preview:-1\" \/>\n<link rel=\"canonical\" href=\"http:\/\/www.abmshipping.com\/index.php\/bandirma-limani\/\" \/>\n<meta property=\"og:locale\" content=\"tr_TR\" \/>\n<meta property=\"og:type\" content=\"article\" \/>\n<meta property=\"og:title\" content=\"Band\u0131rma Liman\u0131 | Abm Denizcilik\" \/>\n<meta property=\"og:description\" content=\"L\u0130MANIN \u00d6ZELL\u0130KLER\u0130 Band\u0131rma liman\u0131 konumu itibar\u0131 ile \u00fclkenin en \u00f6nemli limanlar\u0131ndan biri olman\u0131n yan\u0131nda t\u00fcm \u00fclkeye uzanan demiryolu ba\u011flant\u0131s\u0131 ile kombine ta\u015f\u0131mac\u0131l\u0131kla her t\u00fcrl\u00fc y\u00fck\u00fcn elle\u00e7lenebilece\u011fi bir limand\u0131r. Toplam uzunlu\u011fu 2973 metre ve derinlikleri 6- 11.50\u00a0metre aras\u0131nda de\u011fi\u015fen 20 adet r\u0131ht\u0131m\u0131nda konteyner,d\u00f6kme y\u00fck, genel y\u00fck, proje y\u00fck\u00fc ve Ro-Ro gemilerine hizmet verilmektedir. R\u0131ht\u0131mdaki y\u00fckleme-bo\u015faltma hizmetleri [&hellip;]\" \/>\n<meta property=\"og:url\" content=\"http:\/\/www.abmshipping.com\/index.php\/bandirma-limani\/\" \/>\n<meta property=\"og:site_name\" content=\"Abm Denizcilik\" \/>\n<meta property=\"article:modified_time\" content=\"2022-07-30T21:57:55+00:00\" \/>\n<meta property=\"og:image\" content=\"http:\/\/www.abmshipping.com\/wp-content\/uploads\/2022\/07\/bandirma.jpeg\" \/>\n\t<meta property=\"og:image:width\" content=\"620\" \/>\n\t<meta property=\"og:image:height\" content=\"410\" \/>\n\t<meta property=\"og:image:type\" content=\"image\/jpeg\" \/>\n<meta name=\"twitter:card\" content=\"summary_large_image\" \/>\n<meta name=\"twitter:label1\" content=\"Tahmini okuma s\u00fcresi\" \/>\n\t<meta name=\"twitter:data1\" content=\"4 dakika\" \/>\n<script type=\"application\/ld+json\" class=\"yoast-schema-graph\">{\"@context\":\"https:\/\/schema.org\",\"@graph\":[{\"@type\":\"Organization\",\"@id\":\"http:\/\/www.abmshipping.com\/#organization\",\"name\":\"ABM DEN\u0130ZC\u0130L\u0130K VE GEM\u0130 H\u0130ZMETLET\u0130 T\u0130CARET L\u0130M\u0130TED \u015e\u0130RKET\u0130\",\"url\":\"http:\/\/www.abmshipping.com\/\",\"sameAs\":[\"https:\/\/www.instagram.com\/abmshipping\/\"],\"logo\":{\"@type\":\"ImageObject\",\"inLanguage\":\"tr\",\"@id\":\"http:\/\/www.abmshipping.com\/#\/schema\/logo\/image\/\",\"url\":\"http:\/\/www.abmshipping.com\/wp-content\/uploads\/2022\/04\/cropped-cropped-cropped-ABM_TURKCE_LOGO-removebg-preview-1.png\",\"contentUrl\":\"http:\/\/www.abmshipping.com\/wp-content\/uploads\/2022\/04\/cropped-cropped-cropped-ABM_TURKCE_LOGO-removebg-preview-1.png\",\"width\":278,\"height\":205,\"caption\":\"ABM DEN\u0130ZC\u0130L\u0130K VE GEM\u0130 H\u0130ZMETLET\u0130 T\u0130CARET L\u0130M\u0130TED \u015e\u0130RKET\u0130\"},\"image\":{\"@id\":\"http:\/\/www.abmshipping.com\/#\/schema\/logo\/image\/\"}},{\"@type\":\"WebSite\",\"@id\":\"http:\/\/www.abmshipping.com\/#website\",\"url\":\"http:\/\/www.abmshipping.com\/\",\"name\":\"Abm Denizcilik\",\"description\":\"Her\u015fey yolunda\",\"publisher\":{\"@id\":\"http:\/\/www.abmshipping.com\/#organization\"},\"potentialAction\":[{\"@type\":\"SearchAction\",\"target\":{\"@type\":\"EntryPoint\",\"urlTemplate\":\"http:\/\/www.abmshipping.com\/?s={search_term_string}\"},\"query-input\":\"required name=search_term_string\"}],\"inLanguage\":\"tr\"},{\"@type\":\"ImageObject\",\"inLanguage\":\"tr\",\"@id\":\"http:\/\/www.abmshipping.com\/index.php\/bandirma-limani\/#primaryimage\",\"url\":\"http:\/\/www.abmshipping.com\/wp-content\/uploads\/2022\/07\/bandirma.jpeg\",\"contentUrl\":\"http:\/\/www.abmshipping.com\/wp-content\/uploads\/2022\/07\/bandirma.jpeg\",\"width\":620,\"height\":410},{\"@type\":\"WebPage\",\"@id\":\"http:\/\/www.abmshipping.com\/index.php\/bandirma-limani\/\",\"url\":\"http:\/\/www.abmshipping.com\/index.php\/bandirma-limani\/\",\"name\":\"Band\u0131rma Liman\u0131 | Abm Denizcilik\",\"isPartOf\":{\"@id\":\"http:\/\/www.abmshipping.com\/#website\"},\"primaryImageOfPage\":{\"@id\":\"http:\/\/www.abmshipping.com\/index.php\/bandirma-limani\/#primaryimage\"},\"datePublished\":\"2022-05-16T12:56:47+00:00\",\"dateModified\":\"2022-07-30T21:57:55+00:00\",\"breadcrumb\":{\"@id\":\"http:\/\/www.abmshipping.com\/index.php\/bandirma-limani\/#breadcrumb\"},\"inLanguage\":\"tr\",\"potentialAction\":[{\"@type\":\"ReadAction\",\"target\":[\"http:\/\/www.abmshipping.com\/index.php\/bandirma-limani\/\"]}]},{\"@type\":\"BreadcrumbList\",\"@id\":\"http:\/\/www.abmshipping.com\/index.php\/bandirma-limani\/#breadcrumb\",\"itemListElement\":[{\"@type\":\"ListItem\",\"position\":1,\"name\":\"Anasayfa\",\"item\":\"http:\/\/www.abmshipping.com\/\"},{\"@type\":\"ListItem\",\"position\":2,\"name\":\"Band\u0131rma Liman\u0131\"}]}]}<\/script>\n<!-- \/ Yoast SEO plugin. -->","yoast_head_json":{"title":"Band\u0131rma Liman\u0131 | Abm Denizcilik","robots":{"index":"index","follow":"follow","max-snippet":"max-snippet:-1","max-image-preview":"max-image-preview:large","max-video-preview":"max-video-preview:-1"},"canonical":"http:\/\/www.abmshipping.com\/index.php\/bandirma-limani\/","og_locale":"tr_TR","og_type":"article","og_title":"Band\u0131rma Liman\u0131 | Abm Denizcilik","og_description":"L\u0130MANIN \u00d6ZELL\u0130KLER\u0130 Band\u0131rma liman\u0131 konumu itibar\u0131 ile \u00fclkenin en \u00f6nemli limanlar\u0131ndan biri olman\u0131n yan\u0131nda t\u00fcm \u00fclkeye uzanan demiryolu ba\u011flant\u0131s\u0131 ile kombine ta\u015f\u0131mac\u0131l\u0131kla her t\u00fcrl\u00fc y\u00fck\u00fcn elle\u00e7lenebilece\u011fi bir limand\u0131r. Toplam uzunlu\u011fu 2973 metre ve derinlikleri 6- 11.50\u00a0metre aras\u0131nda de\u011fi\u015fen 20 adet r\u0131ht\u0131m\u0131nda konteyner,d\u00f6kme y\u00fck, genel y\u00fck, proje y\u00fck\u00fc ve Ro-Ro gemilerine hizmet verilmektedir. R\u0131ht\u0131mdaki y\u00fckleme-bo\u015faltma hizmetleri [&hellip;]","og_url":"http:\/\/www.abmshipping.com\/index.php\/bandirma-limani\/","og_site_name":"Abm Denizcilik","article_modified_time":"2022-07-30T21:57:55+00:00","og_image":[{"width":620,"height":410,"url":"http:\/\/www.abmshipping.com\/wp-content\/uploads\/2022\/07\/bandirma.jpeg","type":"image\/jpeg"}],"twitter_card":"summary_large_image","twitter_misc":{"Tahmini okuma s\u00fcresi":"4 dakika"},"schema":{"@context":"https:\/\/schema.org","@graph":[{"@type":"Organization","@id":"http:\/\/www.abmshipping.com\/#organization","name":"ABM DEN\u0130ZC\u0130L\u0130K VE GEM\u0130 H\u0130ZMETLET\u0130 T\u0130CARET L\u0130M\u0130TED \u015e\u0130RKET\u0130","url":"http:\/\/www.abmshipping.com\/","sameAs":["https:\/\/www.instagram.com\/abmshipping\/"],"logo":{"@type":"ImageObject","inLanguage":"tr","@id":"http:\/\/www.abmshipping.com\/#\/schema\/logo\/image\/","url":"http:\/\/www.abmshipping.com\/wp-content\/uploads\/2022\/04\/cropped-cropped-cropped-ABM_TURKCE_LOGO-removebg-preview-1.png","contentUrl":"http:\/\/www.abmshipping.com\/wp-content\/uploads\/2022\/04\/cropped-cropped-cropped-ABM_TURKCE_LOGO-removebg-preview-1.png","width":278,"height":205,"caption":"ABM DEN\u0130ZC\u0130L\u0130K VE GEM\u0130 H\u0130ZMETLET\u0130 T\u0130CARET L\u0130M\u0130TED \u015e\u0130RKET\u0130"},"image":{"@id":"http:\/\/www.abmshipping.com\/#\/schema\/logo\/image\/"}},{"@type":"WebSite","@id":"http:\/\/www.abmshipping.com\/#website","url":"http:\/\/www.abmshipping.com\/","name":"Abm Denizcilik","description":"Her\u015fey yolunda","publisher":{"@id":"http:\/\/www.abmshipping.com\/#organization"},"potentialAction":[{"@type":"SearchAction","target":{"@type":"EntryPoint","urlTemplate":"http:\/\/www.abmshipping.com\/?s={search_term_string}"},"query-input":"required name=search_term_string"}],"inLanguage":"tr"},{"@type":"ImageObject","inLanguage":"tr","@id":"http:\/\/www.abmshipping.com\/index.php\/bandirma-limani\/#primaryimage","url":"http:\/\/www.abmshipping.com\/wp-content\/uploads\/2022\/07\/bandirma.jpeg","contentUrl":"http:\/\/www.abmshipping.com\/wp-content\/uploads\/2022\/07\/bandirma.jpeg","width":620,"height":410},{"@type":"WebPage","@id":"http:\/\/www.abmshipping.com\/index.php\/bandirma-limani\/","url":"http:\/\/www.abmshipping.com\/index.php\/bandirma-limani\/","name":"Band\u0131rma Liman\u0131 | Abm Denizcilik","isPartOf":{"@id":"http:\/\/www.abmshipping.com\/#website"},"primaryImageOfPage":{"@id":"http:\/\/www.abmshipping.com\/index.php\/bandirma-limani\/#primaryimage"},"datePublished":"2022-05-16T12:56:47+00:00","dateModified":"2022-07-30T21:57:55+00:00","breadcrumb":{"@id":"http:\/\/www.abmshipping.com\/index.php\/bandirma-limani\/#breadcrumb"},"inLanguage":"tr","potentialAction":[{"@type":"ReadAction","target":["http:\/\/www.abmshipping.com\/index.php\/bandirma-limani\/"]}]},{"@type":"BreadcrumbList","@id":"http:\/\/www.abmshipping.com\/index.php\/bandirma-limani\/#breadcrumb","itemListElement":[{"@type":"ListItem","position":1,"name":"Anasayfa","item":"http:\/\/www.abmshipping.com\/"},{"@type":"ListItem","position":2,"name":"Band\u0131rma Liman\u0131"}]}]}},"_links":{"self":[{"href":"http:\/\/www.abmshipping.com\/index.php\/wp-json\/wp\/v2\/pages\/440"}],"collection":[{"href":"http:\/\/www.abmshipping.com\/index.php\/wp-json\/wp\/v2\/pages"}],"about":[{"href":"http:\/\/www.abmshipping.com\/index.php\/wp-json\/wp\/v2\/types\/page"}],"author":[{"embeddable":true,"href":"http:\/\/www.abmshipping.com\/index.php\/wp-json\/wp\/v2\/users\/1"}],"replies":[{"embeddable":true,"href":"http:\/\/www.abmshipping.com\/index.php\/wp-json\/wp\/v2\/comments?post=440"}],"version-history":[{"count":13,"href":"http:\/\/www.abmshipping.com\/index.php\/wp-json\/wp\/v2\/pages\/440\/revisions"}],"predecessor-version":[{"id":888,"href":"http:\/\/www.abmshipping.com\/index.php\/wp-json\/wp\/v2\/pages\/440\/revisions\/888"}],"wp:featuredmedia":[{"embeddable":true,"href":"http:\/\/www.abmshipping.com\/index.php\/wp-json\/wp\/v2\/media\/718"}],"wp:attachment":[{"href":"http:\/\/www.abmshipping.com\/index.php\/wp-json\/wp\/v2\/media?parent=440"}],"curies":[{"name":"wp","href":"https:\/\/api.w.org\/{rel}","templated":true}]}}