{"id":435,"date":"2022-05-16T15:55:00","date_gmt":"2022-05-16T12:55:00","guid":{"rendered":"http:\/\/www.abmshipping.com\/?page_id=435"},"modified":"2022-07-28T22:53:39","modified_gmt":"2022-07-28T19:53:39","slug":"tekirdag-limanlari","status":"publish","type":"page","link":"http:\/\/www.abmshipping.com\/index.php\/tekirdag-limanlari\/","title":{"rendered":"Tekirda\u011f Limanlar\u0131"},"content":{"rendered":"\n<figure class=\"wp-block-embed is-type-video is-provider-youtube wp-block-embed-youtube wp-embed-aspect-16-9 wp-has-aspect-ratio\"><div class=\"wp-block-embed__wrapper\">\n<iframe loading=\"lazy\" title=\"Ceyport Tekirdag\" width=\"640\" height=\"360\" src=\"https:\/\/www.youtube.com\/embed\/6MBvt3M3CsM?feature=oembed\" frameborder=\"0\" allow=\"accelerometer; autoplay; clipboard-write; encrypted-media; gyroscope; picture-in-picture\" allowfullscreen><\/iframe>\n<\/div><\/figure>\n\n\n\n<p><\/p>\n\n\n\n<p><\/p>\n\n\n\n<p class=\"has-medium-font-size\">Ceyport Tekirda\u011f Liman\u0131, su derinlikleri 6,0 ile 12,0 metre aras\u0131nda de\u011fi\u015fen ve toplam 2.310 metre uzunlu\u011fa sahip 8 ana r\u0131ht\u0131m\u0131n yan\u0131 s\u0131ra bir k\u00f6pr\u00fc r\u0131ht\u0131m ve bir dahili yolcu r\u0131ht\u0131m\u0131na sahiptir.<\/p>\n\n\n\n<figure class=\"wp-block-image size-full\"><img loading=\"lazy\" width=\"568\" height=\"397\" src=\"http:\/\/www.abmshipping.com\/wp-content\/uploads\/2022\/07\/image.png\" alt=\"\" class=\"wp-image-796\" srcset=\"http:\/\/www.abmshipping.com\/wp-content\/uploads\/2022\/07\/image.png 568w, http:\/\/www.abmshipping.com\/wp-content\/uploads\/2022\/07\/image-300x210.png 300w, http:\/\/www.abmshipping.com\/wp-content\/uploads\/2022\/07\/image-48x34.png 48w\" sizes=\"(max-width: 568px) 100vw, 568px\" \/><\/figure>\n\n\n\n<p>EK\u0130PMANLAR <\/p>\n\n\n\n<p class=\"has-medium-font-size\">Ceyport Tekirda\u011f Liman\u0131 b\u00fcnyesinde;<br>\u2022\u00a01 adet 120 tonluk\u00a0LIEBHERR LHM 420 vin\u00e7<br>\u2022\u00a02 adet 100 tonluk\u00a0FANTUZZI REGGIANE MHC vin\u00e7<br>\u2022\u00a02 adet 30 tonluk\u00a0FANTUZZI REGGIANE MHC vin\u00e7<br>\u2022\u00a03 adet 20 tonluk\u00a0FANTUZZI REGGIANE MHC vin\u00e7<br>\u2022\u00a03 adet\u00a0Reachstacker (konteyner y\u00fckleyici)<br>\u2022\u00a03 adet\u00a0y\u00fckleyici (Loader)<br>\u2022\u00a04 adet\u00a0End\u00fcstriyel Ekskavat\u00f6r<br>\u2022\u00a04 adet\u00a0mini y\u00fckleyici<br>\u2022\u00a02 adet\u00a07 tonluk forklift<\/p>\n","protected":false},"excerpt":{"rendered":"<p>Ceyport Tekirda\u011f Liman\u0131, su derinlikleri 6,0 ile 12,0 metre aras\u0131nda de\u011fi\u015fen ve toplam 2.310 metre uzunlu\u011fa sahip 8 ana r\u0131ht\u0131m\u0131n yan\u0131 s\u0131ra bir k\u00f6pr\u00fc r\u0131ht\u0131m ve bir dahili yolcu r\u0131ht\u0131m\u0131na sahiptir. EK\u0130PMANLAR Ceyport Tekirda\u011f Liman\u0131 b\u00fcnyesinde;\u2022\u00a01 adet 120 tonluk\u00a0LIEBHERR LHM 420 vin\u00e7\u2022\u00a02 adet 100 tonluk\u00a0FANTUZZI REGGIANE MHC vin\u00e7\u2022\u00a02 adet 30 tonluk\u00a0FANTUZZI REGGIANE MHC vin\u00e7\u2022\u00a03 adet [&hellip;]<\/p>\n","protected":false},"author":1,"featured_media":0,"parent":0,"menu_order":0,"comment_status":"closed","ping_status":"closed","template":"","meta":{"extendify_custom_stylesheet":""},"yoast_head":"<!-- This site is optimized with the Yoast SEO plugin v19.3 - https:\/\/yoast.com\/wordpress\/plugins\/seo\/ -->\n<title>Tekirda\u011f Limanlar\u0131 | Abm Denizcilik<\/title>\n<meta name=\"robots\" content=\"index, follow, max-snippet:-1, max-image-preview:large, max-video-preview:-1\" \/>\n<link rel=\"canonical\" href=\"http:\/\/www.abmshipping.com\/index.php\/tekirdag-limanlari\/\" \/>\n<meta property=\"og:locale\" content=\"tr_TR\" \/>\n<meta property=\"og:type\" content=\"article\" \/>\n<meta property=\"og:title\" content=\"Tekirda\u011f Limanlar\u0131 | Abm Denizcilik\" \/>\n<meta property=\"og:description\" content=\"Ceyport Tekirda\u011f Liman\u0131, su derinlikleri 6,0 ile 12,0 metre aras\u0131nda de\u011fi\u015fen ve toplam 2.310 metre uzunlu\u011fa sahip 8 ana r\u0131ht\u0131m\u0131n yan\u0131 s\u0131ra bir k\u00f6pr\u00fc r\u0131ht\u0131m ve bir dahili yolcu r\u0131ht\u0131m\u0131na sahiptir. EK\u0130PMANLAR Ceyport Tekirda\u011f Liman\u0131 b\u00fcnyesinde;\u2022\u00a01 adet 120 tonluk\u00a0LIEBHERR LHM 420 vin\u00e7\u2022\u00a02 adet 100 tonluk\u00a0FANTUZZI REGGIANE MHC vin\u00e7\u2022\u00a02 adet 30 tonluk\u00a0FANTUZZI REGGIANE MHC vin\u00e7\u2022\u00a03 adet [&hellip;]\" \/>\n<meta property=\"og:url\" content=\"http:\/\/www.abmshipping.com\/index.php\/tekirdag-limanlari\/\" \/>\n<meta property=\"og:site_name\" content=\"Abm Denizcilik\" \/>\n<meta property=\"article:modified_time\" content=\"2022-07-28T19:53:39+00:00\" \/>\n<meta property=\"og:image\" content=\"http:\/\/www.abmshipping.com\/wp-content\/uploads\/2022\/07\/image.png\" \/>\n<meta name=\"twitter:card\" content=\"summary_large_image\" \/>\n<meta name=\"twitter:label1\" content=\"Tahmini okuma s\u00fcresi\" \/>\n\t<meta name=\"twitter:data1\" content=\"1 dakika\" \/>\n<script type=\"application\/ld+json\" class=\"yoast-schema-graph\">{\"@context\":\"https:\/\/schema.org\",\"@graph\":[{\"@type\":\"Organization\",\"@id\":\"http:\/\/www.abmshipping.com\/#organization\",\"name\":\"ABM DEN\u0130ZC\u0130L\u0130K VE GEM\u0130 H\u0130ZMETLET\u0130 T\u0130CARET L\u0130M\u0130TED \u015e\u0130RKET\u0130\",\"url\":\"http:\/\/www.abmshipping.com\/\",\"sameAs\":[\"https:\/\/www.instagram.com\/abmshipping\/\"],\"logo\":{\"@type\":\"ImageObject\",\"inLanguage\":\"tr\",\"@id\":\"http:\/\/www.abmshipping.com\/#\/schema\/logo\/image\/\",\"url\":\"http:\/\/www.abmshipping.com\/wp-content\/uploads\/2022\/04\/cropped-cropped-cropped-ABM_TURKCE_LOGO-removebg-preview-1.png\",\"contentUrl\":\"http:\/\/www.abmshipping.com\/wp-content\/uploads\/2022\/04\/cropped-cropped-cropped-ABM_TURKCE_LOGO-removebg-preview-1.png\",\"width\":278,\"height\":205,\"caption\":\"ABM DEN\u0130ZC\u0130L\u0130K VE GEM\u0130 H\u0130ZMETLET\u0130 T\u0130CARET L\u0130M\u0130TED \u015e\u0130RKET\u0130\"},\"image\":{\"@id\":\"http:\/\/www.abmshipping.com\/#\/schema\/logo\/image\/\"}},{\"@type\":\"WebSite\",\"@id\":\"http:\/\/www.abmshipping.com\/#website\",\"url\":\"http:\/\/www.abmshipping.com\/\",\"name\":\"Abm Denizcilik\",\"description\":\"Her\u015fey yolunda\",\"publisher\":{\"@id\":\"http:\/\/www.abmshipping.com\/#organization\"},\"potentialAction\":[{\"@type\":\"SearchAction\",\"target\":{\"@type\":\"EntryPoint\",\"urlTemplate\":\"http:\/\/www.abmshipping.com\/?s={search_term_string}\"},\"query-input\":\"required name=search_term_string\"}],\"inLanguage\":\"tr\"},{\"@type\":\"ImageObject\",\"inLanguage\":\"tr\",\"@id\":\"http:\/\/www.abmshipping.com\/index.php\/tekirdag-limanlari\/#primaryimage\",\"url\":\"http:\/\/www.abmshipping.com\/wp-content\/uploads\/2022\/07\/image.png\",\"contentUrl\":\"http:\/\/www.abmshipping.com\/wp-content\/uploads\/2022\/07\/image.png\",\"width\":568,\"height\":397},{\"@type\":\"WebPage\",\"@id\":\"http:\/\/www.abmshipping.com\/index.php\/tekirdag-limanlari\/\",\"url\":\"http:\/\/www.abmshipping.com\/index.php\/tekirdag-limanlari\/\",\"name\":\"Tekirda\u011f Limanlar\u0131 | Abm Denizcilik\",\"isPartOf\":{\"@id\":\"http:\/\/www.abmshipping.com\/#website\"},\"primaryImageOfPage\":{\"@id\":\"http:\/\/www.abmshipping.com\/index.php\/tekirdag-limanlari\/#primaryimage\"},\"datePublished\":\"2022-05-16T12:55:00+00:00\",\"dateModified\":\"2022-07-28T19:53:39+00:00\",\"breadcrumb\":{\"@id\":\"http:\/\/www.abmshipping.com\/index.php\/tekirdag-limanlari\/#breadcrumb\"},\"inLanguage\":\"tr\",\"potentialAction\":[{\"@type\":\"ReadAction\",\"target\":[\"http:\/\/www.abmshipping.com\/index.php\/tekirdag-limanlari\/\"]}]},{\"@type\":\"BreadcrumbList\",\"@id\":\"http:\/\/www.abmshipping.com\/index.php\/tekirdag-limanlari\/#breadcrumb\",\"itemListElement\":[{\"@type\":\"ListItem\",\"position\":1,\"name\":\"Anasayfa\",\"item\":\"http:\/\/www.abmshipping.com\/\"},{\"@type\":\"ListItem\",\"position\":2,\"name\":\"Tekirda\u011f Limanlar\u0131\"}]}]}<\/script>\n<!-- \/ Yoast SEO plugin. -->","yoast_head_json":{"title":"Tekirda\u011f Limanlar\u0131 | Abm Denizcilik","robots":{"index":"index","follow":"follow","max-snippet":"max-snippet:-1","max-image-preview":"max-image-preview:large","max-video-preview":"max-video-preview:-1"},"canonical":"http:\/\/www.abmshipping.com\/index.php\/tekirdag-limanlari\/","og_locale":"tr_TR","og_type":"article","og_title":"Tekirda\u011f Limanlar\u0131 | Abm Denizcilik","og_description":"Ceyport Tekirda\u011f Liman\u0131, su derinlikleri 6,0 ile 12,0 metre aras\u0131nda de\u011fi\u015fen ve toplam 2.310 metre uzunlu\u011fa sahip 8 ana r\u0131ht\u0131m\u0131n yan\u0131 s\u0131ra bir k\u00f6pr\u00fc r\u0131ht\u0131m ve bir dahili yolcu r\u0131ht\u0131m\u0131na sahiptir. EK\u0130PMANLAR Ceyport Tekirda\u011f Liman\u0131 b\u00fcnyesinde;\u2022\u00a01 adet 120 tonluk\u00a0LIEBHERR LHM 420 vin\u00e7\u2022\u00a02 adet 100 tonluk\u00a0FANTUZZI REGGIANE MHC vin\u00e7\u2022\u00a02 adet 30 tonluk\u00a0FANTUZZI REGGIANE MHC vin\u00e7\u2022\u00a03 adet [&hellip;]","og_url":"http:\/\/www.abmshipping.com\/index.php\/tekirdag-limanlari\/","og_site_name":"Abm Denizcilik","article_modified_time":"2022-07-28T19:53:39+00:00","og_image":[{"url":"http:\/\/www.abmshipping.com\/wp-content\/uploads\/2022\/07\/image.png"}],"twitter_card":"summary_large_image","twitter_misc":{"Tahmini okuma s\u00fcresi":"1 dakika"},"schema":{"@context":"https:\/\/schema.org","@graph":[{"@type":"Organization","@id":"http:\/\/www.abmshipping.com\/#organization","name":"ABM DEN\u0130ZC\u0130L\u0130K VE GEM\u0130 H\u0130ZMETLET\u0130 T\u0130CARET L\u0130M\u0130TED \u015e\u0130RKET\u0130","url":"http:\/\/www.abmshipping.com\/","sameAs":["https:\/\/www.instagram.com\/abmshipping\/"],"logo":{"@type":"ImageObject","inLanguage":"tr","@id":"http:\/\/www.abmshipping.com\/#\/schema\/logo\/image\/","url":"http:\/\/www.abmshipping.com\/wp-content\/uploads\/2022\/04\/cropped-cropped-cropped-ABM_TURKCE_LOGO-removebg-preview-1.png","contentUrl":"http:\/\/www.abmshipping.com\/wp-content\/uploads\/2022\/04\/cropped-cropped-cropped-ABM_TURKCE_LOGO-removebg-preview-1.png","width":278,"height":205,"caption":"ABM DEN\u0130ZC\u0130L\u0130K VE GEM\u0130 H\u0130ZMETLET\u0130 T\u0130CARET L\u0130M\u0130TED \u015e\u0130RKET\u0130"},"image":{"@id":"http:\/\/www.abmshipping.com\/#\/schema\/logo\/image\/"}},{"@type":"WebSite","@id":"http:\/\/www.abmshipping.com\/#website","url":"http:\/\/www.abmshipping.com\/","name":"Abm Denizcilik","description":"Her\u015fey yolunda","publisher":{"@id":"http:\/\/www.abmshipping.com\/#organization"},"potentialAction":[{"@type":"SearchAction","target":{"@type":"EntryPoint","urlTemplate":"http:\/\/www.abmshipping.com\/?s={search_term_string}"},"query-input":"required name=search_term_string"}],"inLanguage":"tr"},{"@type":"ImageObject","inLanguage":"tr","@id":"http:\/\/www.abmshipping.com\/index.php\/tekirdag-limanlari\/#primaryimage","url":"http:\/\/www.abmshipping.com\/wp-content\/uploads\/2022\/07\/image.png","contentUrl":"http:\/\/www.abmshipping.com\/wp-content\/uploads\/2022\/07\/image.png","width":568,"height":397},{"@type":"WebPage","@id":"http:\/\/www.abmshipping.com\/index.php\/tekirdag-limanlari\/","url":"http:\/\/www.abmshipping.com\/index.php\/tekirdag-limanlari\/","name":"Tekirda\u011f Limanlar\u0131 | Abm Denizcilik","isPartOf":{"@id":"http:\/\/www.abmshipping.com\/#website"},"primaryImageOfPage":{"@id":"http:\/\/www.abmshipping.com\/index.php\/tekirdag-limanlari\/#primaryimage"},"datePublished":"2022-05-16T12:55:00+00:00","dateModified":"2022-07-28T19:53:39+00:00","breadcrumb":{"@id":"http:\/\/www.abmshipping.com\/index.php\/tekirdag-limanlari\/#breadcrumb"},"inLanguage":"tr","potentialAction":[{"@type":"ReadAction","target":["http:\/\/www.abmshipping.com\/index.php\/tekirdag-limanlari\/"]}]},{"@type":"BreadcrumbList","@id":"http:\/\/www.abmshipping.com\/index.php\/tekirdag-limanlari\/#breadcrumb","itemListElement":[{"@type":"ListItem","position":1,"name":"Anasayfa","item":"http:\/\/www.abmshipping.com\/"},{"@type":"ListItem","position":2,"name":"Tekirda\u011f Limanlar\u0131"}]}]}},"_links":{"self":[{"href":"http:\/\/www.abmshipping.com\/index.php\/wp-json\/wp\/v2\/pages\/435"}],"collection":[{"href":"http:\/\/www.abmshipping.com\/index.php\/wp-json\/wp\/v2\/pages"}],"about":[{"href":"http:\/\/www.abmshipping.com\/index.php\/wp-json\/wp\/v2\/types\/page"}],"author":[{"embeddable":true,"href":"http:\/\/www.abmshipping.com\/index.php\/wp-json\/wp\/v2\/users\/1"}],"replies":[{"embeddable":true,"href":"http:\/\/www.abmshipping.com\/index.php\/wp-json\/wp\/v2\/comments?post=435"}],"version-history":[{"count":3,"href":"http:\/\/www.abmshipping.com\/index.php\/wp-json\/wp\/v2\/pages\/435\/revisions"}],"predecessor-version":[{"id":799,"href":"http:\/\/www.abmshipping.com\/index.php\/wp-json\/wp\/v2\/pages\/435\/revisions\/799"}],"wp:attachment":[{"href":"http:\/\/www.abmshipping.com\/index.php\/wp-json\/wp\/v2\/media?parent=435"}],"curies":[{"name":"wp","href":"https:\/\/api.w.org\/{rel}","templated":true}]}}