{"id":433,"date":"2022-05-16T15:54:37","date_gmt":"2022-05-16T12:54:37","guid":{"rendered":"http:\/\/www.abmshipping.com\/?page_id=433"},"modified":"2022-07-20T18:52:19","modified_gmt":"2022-07-20T15:52:19","slug":"samsun-gemi-acente","status":"publish","type":"page","link":"http:\/\/www.abmshipping.com\/index.php\/samsun-gemi-acente\/","title":{"rendered":"Galeri"},"content":{"rendered":"\n    <div class=\"metagallery-wrapper\">\n        <div\n            id=\"metagallery-505\"\n            style=\"position:relative!important;width:calc(100% + 30px)!important;margin:-15px;\">\n                        <div\n                    style=\"display:block!important;position:absolute!important;\n                    min-width:315px;width:25%;\"\n                    >\n                    <div style=\"position:relative!important;max-width:100%!important;width:100%!important;height:100%!important;\">\n                        <div style=\"\n                            max-width:\n                            600px;min-width:315px;padding:15px;\">\n                            <img width=\"1024\" height=\"768\" src=\"http:\/\/www.abmshipping.com\/wp-content\/uploads\/2022\/08\/dsc00616.jpg\" class=\"attachment-600 size-600\" alt=\"\" loading=\"lazy\" srcset=\"http:\/\/www.abmshipping.com\/wp-content\/uploads\/2022\/08\/dsc00616.jpg 1024w, http:\/\/www.abmshipping.com\/wp-content\/uploads\/2022\/08\/dsc00616-300x225.jpg 300w, http:\/\/www.abmshipping.com\/wp-content\/uploads\/2022\/08\/dsc00616-768x576.jpg 768w, http:\/\/www.abmshipping.com\/wp-content\/uploads\/2022\/08\/dsc00616-48x36.jpg 48w\" sizes=\"(max-width: 1024px) 100vw, 1024px\" \/>                        <\/div>\n                    <\/div>\n                <\/div>\n                            <div\n                    style=\"display:block!important;position:absolute!important;\n                    min-width:315px;width:25%;\"\n                    >\n                    <div style=\"position:relative!important;max-width:100%!important;width:100%!important;height:100%!important;\">\n                        <div style=\"\n                            max-width:\n                            600px;min-width:315px;padding:15px;\">\n                            <img width=\"2560\" height=\"1912\" src=\"http:\/\/www.abmshipping.com\/wp-content\/uploads\/2022\/08\/img_2187-scaled.jpg\" class=\"attachment-600 size-600\" alt=\"\" loading=\"lazy\" srcset=\"http:\/\/www.abmshipping.com\/wp-content\/uploads\/2022\/08\/img_2187-scaled.jpg 2560w, http:\/\/www.abmshipping.com\/wp-content\/uploads\/2022\/08\/img_2187-300x224.jpg 300w, http:\/\/www.abmshipping.com\/wp-content\/uploads\/2022\/08\/img_2187-1024x765.jpg 1024w, http:\/\/www.abmshipping.com\/wp-content\/uploads\/2022\/08\/img_2187-768x574.jpg 768w, http:\/\/www.abmshipping.com\/wp-content\/uploads\/2022\/08\/img_2187-1536x1147.jpg 1536w, http:\/\/www.abmshipping.com\/wp-content\/uploads\/2022\/08\/img_2187-2048x1530.jpg 2048w, http:\/\/www.abmshipping.com\/wp-content\/uploads\/2022\/08\/img_2187-48x36.jpg 48w\" sizes=\"(max-width: 2560px) 100vw, 2560px\" \/>                        <\/div>\n                    <\/div>\n                <\/div>\n                            <div\n                    style=\"display:block!important;position:absolute!important;\n                    min-width:315px;width:25%;\"\n                    >\n                    <div style=\"position:relative!important;max-width:100%!important;width:100%!important;height:100%!important;\">\n                        <div style=\"\n                            max-width:\n                            600px;min-width:315px;padding:15px;\">\n                            <img width=\"2560\" height=\"1912\" src=\"http:\/\/www.abmshipping.com\/wp-content\/uploads\/2022\/08\/img_2190-scaled.jpg\" class=\"attachment-600 size-600\" alt=\"\" loading=\"lazy\" srcset=\"http:\/\/www.abmshipping.com\/wp-content\/uploads\/2022\/08\/img_2190-scaled.jpg 2560w, http:\/\/www.abmshipping.com\/wp-content\/uploads\/2022\/08\/img_2190-300x224.jpg 300w, http:\/\/www.abmshipping.com\/wp-content\/uploads\/2022\/08\/img_2190-1024x765.jpg 1024w, http:\/\/www.abmshipping.com\/wp-content\/uploads\/2022\/08\/img_2190-768x574.jpg 768w, http:\/\/www.abmshipping.com\/wp-content\/uploads\/2022\/08\/img_2190-1536x1147.jpg 1536w, http:\/\/www.abmshipping.com\/wp-content\/uploads\/2022\/08\/img_2190-2048x1530.jpg 2048w, http:\/\/www.abmshipping.com\/wp-content\/uploads\/2022\/08\/img_2190-48x36.jpg 48w\" sizes=\"(max-width: 2560px) 100vw, 2560px\" \/>                        <\/div>\n                    <\/div>\n                <\/div>\n                            <div\n                    style=\"display:block!important;position:absolute!important;\n                    min-width:315px;width:25%;\"\n                    >\n                    <div style=\"position:relative!important;max-width:100%!important;width:100%!important;height:100%!important;\">\n                        <div style=\"\n                            max-width:\n                            600px;min-width:315px;padding:15px;\">\n                            <img width=\"980\" height=\"735\" src=\"http:\/\/www.abmshipping.com\/wp-content\/uploads\/2022\/08\/p1020340-1.jpg\" class=\"attachment-600 size-600\" alt=\"\" loading=\"lazy\" srcset=\"http:\/\/www.abmshipping.com\/wp-content\/uploads\/2022\/08\/p1020340-1.jpg 980w, http:\/\/www.abmshipping.com\/wp-content\/uploads\/2022\/08\/p1020340-1-300x225.jpg 300w, http:\/\/www.abmshipping.com\/wp-content\/uploads\/2022\/08\/p1020340-1-768x576.jpg 768w, http:\/\/www.abmshipping.com\/wp-content\/uploads\/2022\/08\/p1020340-1-48x36.jpg 48w\" sizes=\"(max-width: 980px) 100vw, 980px\" \/>                        <\/div>\n                    <\/div>\n                <\/div>\n                            <div\n                    style=\"display:block!important;position:absolute!important;\n                    min-width:315px;width:25%;\"\n                    >\n                    <div style=\"position:relative!important;max-width:100%!important;width:100%!important;height:100%!important;\">\n                        <div style=\"\n                            max-width:\n                            600px;min-width:315px;padding:15px;\">\n                            <img width=\"2000\" height=\"1500\" src=\"http:\/\/www.abmshipping.com\/wp-content\/uploads\/2022\/05\/WhatsApp-Image-2021-09-07-at-09.06.19-1-2.jpg\" class=\"attachment-600 size-600\" alt=\"\" loading=\"lazy\" srcset=\"http:\/\/www.abmshipping.com\/wp-content\/uploads\/2022\/05\/WhatsApp-Image-2021-09-07-at-09.06.19-1-2.jpg 2000w, http:\/\/www.abmshipping.com\/wp-content\/uploads\/2022\/05\/WhatsApp-Image-2021-09-07-at-09.06.19-1-2-300x225.jpg 300w, http:\/\/www.abmshipping.com\/wp-content\/uploads\/2022\/05\/WhatsApp-Image-2021-09-07-at-09.06.19-1-2-1024x768.jpg 1024w, http:\/\/www.abmshipping.com\/wp-content\/uploads\/2022\/05\/WhatsApp-Image-2021-09-07-at-09.06.19-1-2-768x576.jpg 768w, http:\/\/www.abmshipping.com\/wp-content\/uploads\/2022\/05\/WhatsApp-Image-2021-09-07-at-09.06.19-1-2-1536x1152.jpg 1536w\" sizes=\"(max-width: 2000px) 100vw, 2000px\" \/>                        <\/div>\n                    <\/div>\n                <\/div>\n                            <div\n                    style=\"display:block!important;position:absolute!important;\n                    min-width:315px;width:25%;\"\n                    >\n                    <div style=\"position:relative!important;max-width:100%!important;width:100%!important;height:100%!important;\">\n                        <div style=\"\n                            max-width:\n                            600px;min-width:315px;padding:15px;\">\n                            <img width=\"1024\" height=\"768\" src=\"http:\/\/www.abmshipping.com\/wp-content\/uploads\/2022\/05\/las3.jpg\" class=\"attachment-600 size-600\" alt=\"\" loading=\"lazy\" srcset=\"http:\/\/www.abmshipping.com\/wp-content\/uploads\/2022\/05\/las3.jpg 1024w, http:\/\/www.abmshipping.com\/wp-content\/uploads\/2022\/05\/las3-300x225.jpg 300w, http:\/\/www.abmshipping.com\/wp-content\/uploads\/2022\/05\/las3-768x576.jpg 768w\" sizes=\"(max-width: 1024px) 100vw, 1024px\" \/>                        <\/div>\n                    <\/div>\n                <\/div>\n                            <div\n                    style=\"display:block!important;position:absolute!important;\n                    min-width:315px;width:25%;\"\n                    >\n                    <div style=\"position:relative!important;max-width:100%!important;width:100%!important;height:100%!important;\">\n                        <div style=\"\n                            max-width:\n                            600px;min-width:315px;padding:15px;\">\n                            <img width=\"2000\" height=\"1500\" src=\"http:\/\/www.abmshipping.com\/wp-content\/uploads\/2022\/05\/WhatsApp-Image-2021-09-07-at-09.06.26.jpg\" class=\"attachment-600 size-600\" alt=\"\" loading=\"lazy\" srcset=\"http:\/\/www.abmshipping.com\/wp-content\/uploads\/2022\/05\/WhatsApp-Image-2021-09-07-at-09.06.26.jpg 2000w, http:\/\/www.abmshipping.com\/wp-content\/uploads\/2022\/05\/WhatsApp-Image-2021-09-07-at-09.06.26-300x225.jpg 300w, http:\/\/www.abmshipping.com\/wp-content\/uploads\/2022\/05\/WhatsApp-Image-2021-09-07-at-09.06.26-1024x768.jpg 1024w, http:\/\/www.abmshipping.com\/wp-content\/uploads\/2022\/05\/WhatsApp-Image-2021-09-07-at-09.06.26-768x576.jpg 768w, http:\/\/www.abmshipping.com\/wp-content\/uploads\/2022\/05\/WhatsApp-Image-2021-09-07-at-09.06.26-1536x1152.jpg 1536w\" sizes=\"(max-width: 2000px) 100vw, 2000px\" \/>                        <\/div>\n                    <\/div>\n                <\/div>\n                    <\/div>\n    <\/div>\n    \n","protected":false},"excerpt":{"rendered":"","protected":false},"author":1,"featured_media":0,"parent":0,"menu_order":0,"comment_status":"closed","ping_status":"closed","template":"","meta":{"extendify_custom_stylesheet":""},"yoast_head":"<!-- This site is optimized with the Yoast SEO plugin v19.3 - https:\/\/yoast.com\/wordpress\/plugins\/seo\/ -->\n<title>Galeri | Abm Denizcilik<\/title>\n<meta name=\"description\" content=\"samsund liman\u0131 gemi acente ,samsun tayfa de\u011fi\u015fimi,samsun personel de\u011fi\u015fikli\u011fi,fatsa gemi caente,\u00fcnye gemi acente,unye gemi acente,inebolu gemi acente,bart\u0131n gemi acente,zonguldak gemi acente\" \/>\n<meta name=\"robots\" content=\"index, follow, max-snippet:-1, max-image-preview:large, max-video-preview:-1\" \/>\n<link rel=\"canonical\" href=\"http:\/\/www.abmshipping.com\/index.php\/samsun-gemi-acente\/\" \/>\n<meta property=\"og:locale\" content=\"tr_TR\" \/>\n<meta property=\"og:type\" content=\"article\" \/>\n<meta property=\"og:title\" content=\"Galeri | Abm Denizcilik\" \/>\n<meta property=\"og:description\" content=\"samsund liman\u0131 gemi acente ,samsun tayfa de\u011fi\u015fimi,samsun personel de\u011fi\u015fikli\u011fi,fatsa gemi caente,\u00fcnye gemi acente,unye gemi acente,inebolu gemi acente,bart\u0131n gemi acente,zonguldak gemi acente\" \/>\n<meta property=\"og:url\" content=\"http:\/\/www.abmshipping.com\/index.php\/samsun-gemi-acente\/\" \/>\n<meta property=\"og:site_name\" content=\"Abm Denizcilik\" \/>\n<meta property=\"article:modified_time\" content=\"2022-07-20T15:52:19+00:00\" \/>\n<meta name=\"twitter:card\" content=\"summary_large_image\" \/>\n<meta name=\"twitter:label1\" content=\"Tahmini okuma s\u00fcresi\" \/>\n\t<meta name=\"twitter:data1\" content=\"1 dakika\" \/>\n<script type=\"application\/ld+json\" class=\"yoast-schema-graph\">{\"@context\":\"https:\/\/schema.org\",\"@graph\":[{\"@type\":\"Organization\",\"@id\":\"http:\/\/www.abmshipping.com\/#organization\",\"name\":\"ABM DEN\u0130ZC\u0130L\u0130K VE GEM\u0130 H\u0130ZMETLET\u0130 T\u0130CARET L\u0130M\u0130TED \u015e\u0130RKET\u0130\",\"url\":\"http:\/\/www.abmshipping.com\/\",\"sameAs\":[\"https:\/\/www.instagram.com\/abmshipping\/\"],\"logo\":{\"@type\":\"ImageObject\",\"inLanguage\":\"tr\",\"@id\":\"http:\/\/www.abmshipping.com\/#\/schema\/logo\/image\/\",\"url\":\"http:\/\/www.abmshipping.com\/wp-content\/uploads\/2022\/04\/cropped-cropped-cropped-ABM_TURKCE_LOGO-removebg-preview-1.png\",\"contentUrl\":\"http:\/\/www.abmshipping.com\/wp-content\/uploads\/2022\/04\/cropped-cropped-cropped-ABM_TURKCE_LOGO-removebg-preview-1.png\",\"width\":278,\"height\":205,\"caption\":\"ABM DEN\u0130ZC\u0130L\u0130K VE GEM\u0130 H\u0130ZMETLET\u0130 T\u0130CARET L\u0130M\u0130TED \u015e\u0130RKET\u0130\"},\"image\":{\"@id\":\"http:\/\/www.abmshipping.com\/#\/schema\/logo\/image\/\"}},{\"@type\":\"WebSite\",\"@id\":\"http:\/\/www.abmshipping.com\/#website\",\"url\":\"http:\/\/www.abmshipping.com\/\",\"name\":\"Abm Denizcilik\",\"description\":\"Her\u015fey yolunda\",\"publisher\":{\"@id\":\"http:\/\/www.abmshipping.com\/#organization\"},\"potentialAction\":[{\"@type\":\"SearchAction\",\"target\":{\"@type\":\"EntryPoint\",\"urlTemplate\":\"http:\/\/www.abmshipping.com\/?s={search_term_string}\"},\"query-input\":\"required name=search_term_string\"}],\"inLanguage\":\"tr\"},{\"@type\":\"WebPage\",\"@id\":\"http:\/\/www.abmshipping.com\/index.php\/samsun-gemi-acente\/\",\"url\":\"http:\/\/www.abmshipping.com\/index.php\/samsun-gemi-acente\/\",\"name\":\"Galeri | Abm Denizcilik\",\"isPartOf\":{\"@id\":\"http:\/\/www.abmshipping.com\/#website\"},\"datePublished\":\"2022-05-16T12:54:37+00:00\",\"dateModified\":\"2022-07-20T15:52:19+00:00\",\"description\":\"samsund liman\u0131 gemi acente ,samsun tayfa de\u011fi\u015fimi,samsun personel de\u011fi\u015fikli\u011fi,fatsa gemi caente,\u00fcnye gemi acente,unye gemi acente,inebolu gemi acente,bart\u0131n gemi acente,zonguldak gemi acente\",\"breadcrumb\":{\"@id\":\"http:\/\/www.abmshipping.com\/index.php\/samsun-gemi-acente\/#breadcrumb\"},\"inLanguage\":\"tr\",\"potentialAction\":[{\"@type\":\"ReadAction\",\"target\":[\"http:\/\/www.abmshipping.com\/index.php\/samsun-gemi-acente\/\"]}]},{\"@type\":\"BreadcrumbList\",\"@id\":\"http:\/\/www.abmshipping.com\/index.php\/samsun-gemi-acente\/#breadcrumb\",\"itemListElement\":[{\"@type\":\"ListItem\",\"position\":1,\"name\":\"Anasayfa\",\"item\":\"http:\/\/www.abmshipping.com\/\"},{\"@type\":\"ListItem\",\"position\":2,\"name\":\"Galeri\"}]}]}<\/script>\n<!-- \/ Yoast SEO plugin. -->","yoast_head_json":{"title":"Galeri | Abm Denizcilik","description":"samsund liman\u0131 gemi acente ,samsun tayfa de\u011fi\u015fimi,samsun personel de\u011fi\u015fikli\u011fi,fatsa gemi caente,\u00fcnye gemi acente,unye gemi acente,inebolu gemi acente,bart\u0131n gemi acente,zonguldak gemi acente","robots":{"index":"index","follow":"follow","max-snippet":"max-snippet:-1","max-image-preview":"max-image-preview:large","max-video-preview":"max-video-preview:-1"},"canonical":"http:\/\/www.abmshipping.com\/index.php\/samsun-gemi-acente\/","og_locale":"tr_TR","og_type":"article","og_title":"Galeri | Abm Denizcilik","og_description":"samsund liman\u0131 gemi acente ,samsun tayfa de\u011fi\u015fimi,samsun personel de\u011fi\u015fikli\u011fi,fatsa gemi caente,\u00fcnye gemi acente,unye gemi acente,inebolu gemi acente,bart\u0131n gemi acente,zonguldak gemi acente","og_url":"http:\/\/www.abmshipping.com\/index.php\/samsun-gemi-acente\/","og_site_name":"Abm Denizcilik","article_modified_time":"2022-07-20T15:52:19+00:00","twitter_card":"summary_large_image","twitter_misc":{"Tahmini okuma s\u00fcresi":"1 dakika"},"schema":{"@context":"https:\/\/schema.org","@graph":[{"@type":"Organization","@id":"http:\/\/www.abmshipping.com\/#organization","name":"ABM DEN\u0130ZC\u0130L\u0130K VE GEM\u0130 H\u0130ZMETLET\u0130 T\u0130CARET L\u0130M\u0130TED \u015e\u0130RKET\u0130","url":"http:\/\/www.abmshipping.com\/","sameAs":["https:\/\/www.instagram.com\/abmshipping\/"],"logo":{"@type":"ImageObject","inLanguage":"tr","@id":"http:\/\/www.abmshipping.com\/#\/schema\/logo\/image\/","url":"http:\/\/www.abmshipping.com\/wp-content\/uploads\/2022\/04\/cropped-cropped-cropped-ABM_TURKCE_LOGO-removebg-preview-1.png","contentUrl":"http:\/\/www.abmshipping.com\/wp-content\/uploads\/2022\/04\/cropped-cropped-cropped-ABM_TURKCE_LOGO-removebg-preview-1.png","width":278,"height":205,"caption":"ABM DEN\u0130ZC\u0130L\u0130K VE GEM\u0130 H\u0130ZMETLET\u0130 T\u0130CARET L\u0130M\u0130TED \u015e\u0130RKET\u0130"},"image":{"@id":"http:\/\/www.abmshipping.com\/#\/schema\/logo\/image\/"}},{"@type":"WebSite","@id":"http:\/\/www.abmshipping.com\/#website","url":"http:\/\/www.abmshipping.com\/","name":"Abm Denizcilik","description":"Her\u015fey yolunda","publisher":{"@id":"http:\/\/www.abmshipping.com\/#organization"},"potentialAction":[{"@type":"SearchAction","target":{"@type":"EntryPoint","urlTemplate":"http:\/\/www.abmshipping.com\/?s={search_term_string}"},"query-input":"required name=search_term_string"}],"inLanguage":"tr"},{"@type":"WebPage","@id":"http:\/\/www.abmshipping.com\/index.php\/samsun-gemi-acente\/","url":"http:\/\/www.abmshipping.com\/index.php\/samsun-gemi-acente\/","name":"Galeri | Abm Denizcilik","isPartOf":{"@id":"http:\/\/www.abmshipping.com\/#website"},"datePublished":"2022-05-16T12:54:37+00:00","dateModified":"2022-07-20T15:52:19+00:00","description":"samsund liman\u0131 gemi acente ,samsun tayfa de\u011fi\u015fimi,samsun personel de\u011fi\u015fikli\u011fi,fatsa gemi caente,\u00fcnye gemi acente,unye gemi acente,inebolu gemi acente,bart\u0131n gemi acente,zonguldak gemi acente","breadcrumb":{"@id":"http:\/\/www.abmshipping.com\/index.php\/samsun-gemi-acente\/#breadcrumb"},"inLanguage":"tr","potentialAction":[{"@type":"ReadAction","target":["http:\/\/www.abmshipping.com\/index.php\/samsun-gemi-acente\/"]}]},{"@type":"BreadcrumbList","@id":"http:\/\/www.abmshipping.com\/index.php\/samsun-gemi-acente\/#breadcrumb","itemListElement":[{"@type":"ListItem","position":1,"name":"Anasayfa","item":"http:\/\/www.abmshipping.com\/"},{"@type":"ListItem","position":2,"name":"Galeri"}]}]}},"_links":{"self":[{"href":"http:\/\/www.abmshipping.com\/index.php\/wp-json\/wp\/v2\/pages\/433"}],"collection":[{"href":"http:\/\/www.abmshipping.com\/index.php\/wp-json\/wp\/v2\/pages"}],"about":[{"href":"http:\/\/www.abmshipping.com\/index.php\/wp-json\/wp\/v2\/types\/page"}],"author":[{"embeddable":true,"href":"http:\/\/www.abmshipping.com\/index.php\/wp-json\/wp\/v2\/users\/1"}],"replies":[{"embeddable":true,"href":"http:\/\/www.abmshipping.com\/index.php\/wp-json\/wp\/v2\/comments?post=433"}],"version-history":[{"count":3,"href":"http:\/\/www.abmshipping.com\/index.php\/wp-json\/wp\/v2\/pages\/433\/revisions"}],"predecessor-version":[{"id":508,"href":"http:\/\/www.abmshipping.com\/index.php\/wp-json\/wp\/v2\/pages\/433\/revisions\/508"}],"wp:attachment":[{"href":"http:\/\/www.abmshipping.com\/index.php\/wp-json\/wp\/v2\/media?parent=433"}],"curies":[{"name":"wp","href":"https:\/\/api.w.org\/{rel}","templated":true}]}}