{"id":428,"date":"2022-05-16T15:53:38","date_gmt":"2022-05-16T12:53:38","guid":{"rendered":"http:\/\/www.abmshipping.com\/?page_id=428"},"modified":"2022-05-16T15:53:40","modified_gmt":"2022-05-16T12:53:40","slug":"eregli-limani","status":"publish","type":"page","link":"http:\/\/www.abmshipping.com\/index.php\/eregli-limani\/","title":{"rendered":"Ere\u011fli Liman\u0131"},"content":{"rendered":"","protected":false},"excerpt":{"rendered":"","protected":false},"author":1,"featured_media":0,"parent":0,"menu_order":0,"comment_status":"closed","ping_status":"closed","template":"","meta":{"extendify_custom_stylesheet":""},"yoast_head":"<!-- This site is optimized with the Yoast SEO plugin v19.3 - https:\/\/yoast.com\/wordpress\/plugins\/seo\/ -->\n<title>Ere\u011fli Liman\u0131 | Abm Denizcilik<\/title>\n<meta name=\"robots\" content=\"index, follow, max-snippet:-1, max-image-preview:large, max-video-preview:-1\" \/>\n<link rel=\"canonical\" href=\"http:\/\/www.abmshipping.com\/index.php\/eregli-limani\/\" \/>\n<meta property=\"og:locale\" content=\"tr_TR\" \/>\n<meta property=\"og:type\" content=\"article\" \/>\n<meta property=\"og:title\" content=\"Ere\u011fli Liman\u0131 | Abm Denizcilik\" \/>\n<meta property=\"og:url\" content=\"http:\/\/www.abmshipping.com\/index.php\/eregli-limani\/\" \/>\n<meta property=\"og:site_name\" content=\"Abm Denizcilik\" \/>\n<meta property=\"article:modified_time\" content=\"2022-05-16T12:53:40+00:00\" \/>\n<meta name=\"twitter:card\" content=\"summary_large_image\" \/>\n<script type=\"application\/ld+json\" class=\"yoast-schema-graph\">{\"@context\":\"https:\/\/schema.org\",\"@graph\":[{\"@type\":\"Organization\",\"@id\":\"http:\/\/www.abmshipping.com\/#organization\",\"name\":\"ABM DEN\u0130ZC\u0130L\u0130K VE GEM\u0130 H\u0130ZMETLET\u0130 T\u0130CARET L\u0130M\u0130TED \u015e\u0130RKET\u0130\",\"url\":\"http:\/\/www.abmshipping.com\/\",\"sameAs\":[\"https:\/\/www.instagram.com\/abmshipping\/\"],\"logo\":{\"@type\":\"ImageObject\",\"inLanguage\":\"tr\",\"@id\":\"http:\/\/www.abmshipping.com\/#\/schema\/logo\/image\/\",\"url\":\"http:\/\/www.abmshipping.com\/wp-content\/uploads\/2022\/04\/cropped-cropped-cropped-ABM_TURKCE_LOGO-removebg-preview-1.png\",\"contentUrl\":\"http:\/\/www.abmshipping.com\/wp-content\/uploads\/2022\/04\/cropped-cropped-cropped-ABM_TURKCE_LOGO-removebg-preview-1.png\",\"width\":278,\"height\":205,\"caption\":\"ABM DEN\u0130ZC\u0130L\u0130K VE GEM\u0130 H\u0130ZMETLET\u0130 T\u0130CARET L\u0130M\u0130TED \u015e\u0130RKET\u0130\"},\"image\":{\"@id\":\"http:\/\/www.abmshipping.com\/#\/schema\/logo\/image\/\"}},{\"@type\":\"WebSite\",\"@id\":\"http:\/\/www.abmshipping.com\/#website\",\"url\":\"http:\/\/www.abmshipping.com\/\",\"name\":\"Abm Denizcilik\",\"description\":\"Her\u015fey yolunda\",\"publisher\":{\"@id\":\"http:\/\/www.abmshipping.com\/#organization\"},\"potentialAction\":[{\"@type\":\"SearchAction\",\"target\":{\"@type\":\"EntryPoint\",\"urlTemplate\":\"http:\/\/www.abmshipping.com\/?s={search_term_string}\"},\"query-input\":\"required name=search_term_string\"}],\"inLanguage\":\"tr\"},{\"@type\":\"WebPage\",\"@id\":\"http:\/\/www.abmshipping.com\/index.php\/eregli-limani\/\",\"url\":\"http:\/\/www.abmshipping.com\/index.php\/eregli-limani\/\",\"name\":\"Ere\u011fli Liman\u0131 | Abm Denizcilik\",\"isPartOf\":{\"@id\":\"http:\/\/www.abmshipping.com\/#website\"},\"datePublished\":\"2022-05-16T12:53:38+00:00\",\"dateModified\":\"2022-05-16T12:53:40+00:00\",\"breadcrumb\":{\"@id\":\"http:\/\/www.abmshipping.com\/index.php\/eregli-limani\/#breadcrumb\"},\"inLanguage\":\"tr\",\"potentialAction\":[{\"@type\":\"ReadAction\",\"target\":[\"http:\/\/www.abmshipping.com\/index.php\/eregli-limani\/\"]}]},{\"@type\":\"BreadcrumbList\",\"@id\":\"http:\/\/www.abmshipping.com\/index.php\/eregli-limani\/#breadcrumb\",\"itemListElement\":[{\"@type\":\"ListItem\",\"position\":1,\"name\":\"Anasayfa\",\"item\":\"http:\/\/www.abmshipping.com\/\"},{\"@type\":\"ListItem\",\"position\":2,\"name\":\"Ere\u011fli Liman\u0131\"}]}]}<\/script>\n<!-- \/ Yoast SEO plugin. -->","yoast_head_json":{"title":"Ere\u011fli Liman\u0131 | Abm Denizcilik","robots":{"index":"index","follow":"follow","max-snippet":"max-snippet:-1","max-image-preview":"max-image-preview:large","max-video-preview":"max-video-preview:-1"},"canonical":"http:\/\/www.abmshipping.com\/index.php\/eregli-limani\/","og_locale":"tr_TR","og_type":"article","og_title":"Ere\u011fli Liman\u0131 | Abm Denizcilik","og_url":"http:\/\/www.abmshipping.com\/index.php\/eregli-limani\/","og_site_name":"Abm Denizcilik","article_modified_time":"2022-05-16T12:53:40+00:00","twitter_card":"summary_large_image","schema":{"@context":"https:\/\/schema.org","@graph":[{"@type":"Organization","@id":"http:\/\/www.abmshipping.com\/#organization","name":"ABM DEN\u0130ZC\u0130L\u0130K VE GEM\u0130 H\u0130ZMETLET\u0130 T\u0130CARET L\u0130M\u0130TED \u015e\u0130RKET\u0130","url":"http:\/\/www.abmshipping.com\/","sameAs":["https:\/\/www.instagram.com\/abmshipping\/"],"logo":{"@type":"ImageObject","inLanguage":"tr","@id":"http:\/\/www.abmshipping.com\/#\/schema\/logo\/image\/","url":"http:\/\/www.abmshipping.com\/wp-content\/uploads\/2022\/04\/cropped-cropped-cropped-ABM_TURKCE_LOGO-removebg-preview-1.png","contentUrl":"http:\/\/www.abmshipping.com\/wp-content\/uploads\/2022\/04\/cropped-cropped-cropped-ABM_TURKCE_LOGO-removebg-preview-1.png","width":278,"height":205,"caption":"ABM DEN\u0130ZC\u0130L\u0130K VE GEM\u0130 H\u0130ZMETLET\u0130 T\u0130CARET L\u0130M\u0130TED \u015e\u0130RKET\u0130"},"image":{"@id":"http:\/\/www.abmshipping.com\/#\/schema\/logo\/image\/"}},{"@type":"WebSite","@id":"http:\/\/www.abmshipping.com\/#website","url":"http:\/\/www.abmshipping.com\/","name":"Abm Denizcilik","description":"Her\u015fey yolunda","publisher":{"@id":"http:\/\/www.abmshipping.com\/#organization"},"potentialAction":[{"@type":"SearchAction","target":{"@type":"EntryPoint","urlTemplate":"http:\/\/www.abmshipping.com\/?s={search_term_string}"},"query-input":"required name=search_term_string"}],"inLanguage":"tr"},{"@type":"WebPage","@id":"http:\/\/www.abmshipping.com\/index.php\/eregli-limani\/","url":"http:\/\/www.abmshipping.com\/index.php\/eregli-limani\/","name":"Ere\u011fli Liman\u0131 | Abm Denizcilik","isPartOf":{"@id":"http:\/\/www.abmshipping.com\/#website"},"datePublished":"2022-05-16T12:53:38+00:00","dateModified":"2022-05-16T12:53:40+00:00","breadcrumb":{"@id":"http:\/\/www.abmshipping.com\/index.php\/eregli-limani\/#breadcrumb"},"inLanguage":"tr","potentialAction":[{"@type":"ReadAction","target":["http:\/\/www.abmshipping.com\/index.php\/eregli-limani\/"]}]},{"@type":"BreadcrumbList","@id":"http:\/\/www.abmshipping.com\/index.php\/eregli-limani\/#breadcrumb","itemListElement":[{"@type":"ListItem","position":1,"name":"Anasayfa","item":"http:\/\/www.abmshipping.com\/"},{"@type":"ListItem","position":2,"name":"Ere\u011fli Liman\u0131"}]}]}},"_links":{"self":[{"href":"http:\/\/www.abmshipping.com\/index.php\/wp-json\/wp\/v2\/pages\/428"}],"collection":[{"href":"http:\/\/www.abmshipping.com\/index.php\/wp-json\/wp\/v2\/pages"}],"about":[{"href":"http:\/\/www.abmshipping.com\/index.php\/wp-json\/wp\/v2\/types\/page"}],"author":[{"embeddable":true,"href":"http:\/\/www.abmshipping.com\/index.php\/wp-json\/wp\/v2\/users\/1"}],"replies":[{"embeddable":true,"href":"http:\/\/www.abmshipping.com\/index.php\/wp-json\/wp\/v2\/comments?post=428"}],"version-history":[{"count":1,"href":"http:\/\/www.abmshipping.com\/index.php\/wp-json\/wp\/v2\/pages\/428\/revisions"}],"predecessor-version":[{"id":429,"href":"http:\/\/www.abmshipping.com\/index.php\/wp-json\/wp\/v2\/pages\/428\/revisions\/429"}],"wp:attachment":[{"href":"http:\/\/www.abmshipping.com\/index.php\/wp-json\/wp\/v2\/media?parent=428"}],"curies":[{"name":"wp","href":"https:\/\/api.w.org\/{rel}","templated":true}]}}