{"id":100,"date":"2022-04-14T20:08:14","date_gmt":"2022-04-14T17:08:14","guid":{"rendered":"http:\/\/www.abmshipping.com\/?page_id=100"},"modified":"2026-01-03T19:46:47","modified_gmt":"2026-01-03T16:46:47","slug":"hizmetlerimiz","status":"publish","type":"page","link":"http:\/\/www.abmshipping.com\/index.php\/hizmetlerimiz\/","title":{"rendered":"H\u0130ZMETLER\u0130M\u0130Z"},"content":{"rendered":"\n<div class=\"wp-container-2 wp-block-columns\">\n<div class=\"wp-container-1 wp-block-column\">\n<p class=\"has-white-background-color has-background has-small-font-size\">GEM\u0130  ACENTEL\u0130\u011e\u0130<\/p>\n\n\n\n<p class=\"has-white-background-color has-background has-small-font-size\">YAKIT VE SU \u0130KMAL\u0130<\/p>\n\n\n\n<p class=\"has-white-background-color has-background has-small-font-size\">GEM\u0130DEN GEM\u0130YE TRANSFER<\/p>\n\n\n\n<p class=\"has-white-background-color has-background has-small-font-size\">CASH TO MASTER<\/p>\n\n\n\n<p class=\"has-white-background-color has-background has-small-font-size\">KUMANYA H\u0130ZMET\u0130<\/p>\n\n\n\n<p class=\"has-small-font-size\">         PERSONEL DE\u011e\u0130\u015e\u0130M\u0130<\/p>\n<\/div>\n<\/div>\n\n\n\n<div class=\"wp-container-5 wp-block-columns\">\n<div class=\"wp-container-3 wp-block-column\"><\/div>\n\n\n\n<div class=\"wp-container-4 wp-block-column\"><\/div>\n<\/div>\n\n\n\n<div class=\"wp-container-8 wp-block-columns\">\n<div class=\"wp-container-6 wp-block-column\"><\/div>\n\n\n\n<div class=\"wp-container-7 wp-block-column\"><\/div>\n<\/div>\n","protected":false},"excerpt":{"rendered":"<p>ACENTEL\u0130K H\u0130XMET\u0130<\/p>\n","protected":false},"author":1,"featured_media":0,"parent":0,"menu_order":0,"comment_status":"closed","ping_status":"closed","template":"","meta":{"extendify_custom_stylesheet":""},"yoast_head":"<!-- This site is optimized with the Yoast SEO plugin v19.3 - https:\/\/yoast.com\/wordpress\/plugins\/seo\/ -->\n<title>H\u0130ZMETLER\u0130M\u0130Z | Abm Denizcilik<\/title>\n<meta name=\"robots\" content=\"index, follow, max-snippet:-1, max-image-preview:large, max-video-preview:-1\" \/>\n<link rel=\"canonical\" href=\"http:\/\/www.abmshipping.com\/index.php\/hizmetlerimiz\/\" \/>\n<meta property=\"og:locale\" content=\"tr_TR\" \/>\n<meta property=\"og:type\" content=\"article\" \/>\n<meta property=\"og:title\" content=\"H\u0130ZMETLER\u0130M\u0130Z | Abm Denizcilik\" \/>\n<meta property=\"og:description\" content=\"ACENTEL\u0130K H\u0130XMET\u0130\" \/>\n<meta property=\"og:url\" content=\"http:\/\/www.abmshipping.com\/index.php\/hizmetlerimiz\/\" \/>\n<meta property=\"og:site_name\" content=\"Abm Denizcilik\" \/>\n<meta property=\"article:modified_time\" content=\"2026-01-03T16:46:47+00:00\" \/>\n<meta name=\"twitter:card\" content=\"summary_large_image\" \/>\n<script type=\"application\/ld+json\" class=\"yoast-schema-graph\">{\"@context\":\"https:\/\/schema.org\",\"@graph\":[{\"@type\":\"Organization\",\"@id\":\"http:\/\/www.abmshipping.com\/#organization\",\"name\":\"ABM DEN\u0130ZC\u0130L\u0130K VE GEM\u0130 H\u0130ZMETLET\u0130 T\u0130CARET L\u0130M\u0130TED \u015e\u0130RKET\u0130\",\"url\":\"http:\/\/www.abmshipping.com\/\",\"sameAs\":[\"https:\/\/www.instagram.com\/abmshipping\/\"],\"logo\":{\"@type\":\"ImageObject\",\"inLanguage\":\"tr\",\"@id\":\"http:\/\/www.abmshipping.com\/#\/schema\/logo\/image\/\",\"url\":\"http:\/\/www.abmshipping.com\/wp-content\/uploads\/2022\/04\/cropped-cropped-cropped-ABM_TURKCE_LOGO-removebg-preview-1.png\",\"contentUrl\":\"http:\/\/www.abmshipping.com\/wp-content\/uploads\/2022\/04\/cropped-cropped-cropped-ABM_TURKCE_LOGO-removebg-preview-1.png\",\"width\":278,\"height\":205,\"caption\":\"ABM DEN\u0130ZC\u0130L\u0130K VE GEM\u0130 H\u0130ZMETLET\u0130 T\u0130CARET L\u0130M\u0130TED \u015e\u0130RKET\u0130\"},\"image\":{\"@id\":\"http:\/\/www.abmshipping.com\/#\/schema\/logo\/image\/\"}},{\"@type\":\"WebSite\",\"@id\":\"http:\/\/www.abmshipping.com\/#website\",\"url\":\"http:\/\/www.abmshipping.com\/\",\"name\":\"Abm Denizcilik\",\"description\":\"Her\u015fey yolunda\",\"publisher\":{\"@id\":\"http:\/\/www.abmshipping.com\/#organization\"},\"potentialAction\":[{\"@type\":\"SearchAction\",\"target\":{\"@type\":\"EntryPoint\",\"urlTemplate\":\"http:\/\/www.abmshipping.com\/?s={search_term_string}\"},\"query-input\":\"required name=search_term_string\"}],\"inLanguage\":\"tr\"},{\"@type\":\"WebPage\",\"@id\":\"http:\/\/www.abmshipping.com\/index.php\/hizmetlerimiz\/\",\"url\":\"http:\/\/www.abmshipping.com\/index.php\/hizmetlerimiz\/\",\"name\":\"H\u0130ZMETLER\u0130M\u0130Z | Abm Denizcilik\",\"isPartOf\":{\"@id\":\"http:\/\/www.abmshipping.com\/#website\"},\"datePublished\":\"2022-04-14T17:08:14+00:00\",\"dateModified\":\"2026-01-03T16:46:47+00:00\",\"breadcrumb\":{\"@id\":\"http:\/\/www.abmshipping.com\/index.php\/hizmetlerimiz\/#breadcrumb\"},\"inLanguage\":\"tr\",\"potentialAction\":[{\"@type\":\"ReadAction\",\"target\":[\"http:\/\/www.abmshipping.com\/index.php\/hizmetlerimiz\/\"]}]},{\"@type\":\"BreadcrumbList\",\"@id\":\"http:\/\/www.abmshipping.com\/index.php\/hizmetlerimiz\/#breadcrumb\",\"itemListElement\":[{\"@type\":\"ListItem\",\"position\":1,\"name\":\"Anasayfa\",\"item\":\"http:\/\/www.abmshipping.com\/\"},{\"@type\":\"ListItem\",\"position\":2,\"name\":\"H\u0130ZMETLER\u0130M\u0130Z\"}]}]}<\/script>\n<!-- \/ Yoast SEO plugin. -->","yoast_head_json":{"title":"H\u0130ZMETLER\u0130M\u0130Z | Abm Denizcilik","robots":{"index":"index","follow":"follow","max-snippet":"max-snippet:-1","max-image-preview":"max-image-preview:large","max-video-preview":"max-video-preview:-1"},"canonical":"http:\/\/www.abmshipping.com\/index.php\/hizmetlerimiz\/","og_locale":"tr_TR","og_type":"article","og_title":"H\u0130ZMETLER\u0130M\u0130Z | Abm Denizcilik","og_description":"ACENTEL\u0130K H\u0130XMET\u0130","og_url":"http:\/\/www.abmshipping.com\/index.php\/hizmetlerimiz\/","og_site_name":"Abm Denizcilik","article_modified_time":"2026-01-03T16:46:47+00:00","twitter_card":"summary_large_image","schema":{"@context":"https:\/\/schema.org","@graph":[{"@type":"Organization","@id":"http:\/\/www.abmshipping.com\/#organization","name":"ABM DEN\u0130ZC\u0130L\u0130K VE GEM\u0130 H\u0130ZMETLET\u0130 T\u0130CARET L\u0130M\u0130TED \u015e\u0130RKET\u0130","url":"http:\/\/www.abmshipping.com\/","sameAs":["https:\/\/www.instagram.com\/abmshipping\/"],"logo":{"@type":"ImageObject","inLanguage":"tr","@id":"http:\/\/www.abmshipping.com\/#\/schema\/logo\/image\/","url":"http:\/\/www.abmshipping.com\/wp-content\/uploads\/2022\/04\/cropped-cropped-cropped-ABM_TURKCE_LOGO-removebg-preview-1.png","contentUrl":"http:\/\/www.abmshipping.com\/wp-content\/uploads\/2022\/04\/cropped-cropped-cropped-ABM_TURKCE_LOGO-removebg-preview-1.png","width":278,"height":205,"caption":"ABM DEN\u0130ZC\u0130L\u0130K VE GEM\u0130 H\u0130ZMETLET\u0130 T\u0130CARET L\u0130M\u0130TED \u015e\u0130RKET\u0130"},"image":{"@id":"http:\/\/www.abmshipping.com\/#\/schema\/logo\/image\/"}},{"@type":"WebSite","@id":"http:\/\/www.abmshipping.com\/#website","url":"http:\/\/www.abmshipping.com\/","name":"Abm Denizcilik","description":"Her\u015fey yolunda","publisher":{"@id":"http:\/\/www.abmshipping.com\/#organization"},"potentialAction":[{"@type":"SearchAction","target":{"@type":"EntryPoint","urlTemplate":"http:\/\/www.abmshipping.com\/?s={search_term_string}"},"query-input":"required name=search_term_string"}],"inLanguage":"tr"},{"@type":"WebPage","@id":"http:\/\/www.abmshipping.com\/index.php\/hizmetlerimiz\/","url":"http:\/\/www.abmshipping.com\/index.php\/hizmetlerimiz\/","name":"H\u0130ZMETLER\u0130M\u0130Z | Abm Denizcilik","isPartOf":{"@id":"http:\/\/www.abmshipping.com\/#website"},"datePublished":"2022-04-14T17:08:14+00:00","dateModified":"2026-01-03T16:46:47+00:00","breadcrumb":{"@id":"http:\/\/www.abmshipping.com\/index.php\/hizmetlerimiz\/#breadcrumb"},"inLanguage":"tr","potentialAction":[{"@type":"ReadAction","target":["http:\/\/www.abmshipping.com\/index.php\/hizmetlerimiz\/"]}]},{"@type":"BreadcrumbList","@id":"http:\/\/www.abmshipping.com\/index.php\/hizmetlerimiz\/#breadcrumb","itemListElement":[{"@type":"ListItem","position":1,"name":"Anasayfa","item":"http:\/\/www.abmshipping.com\/"},{"@type":"ListItem","position":2,"name":"H\u0130ZMETLER\u0130M\u0130Z"}]}]}},"_links":{"self":[{"href":"http:\/\/www.abmshipping.com\/index.php\/wp-json\/wp\/v2\/pages\/100"}],"collection":[{"href":"http:\/\/www.abmshipping.com\/index.php\/wp-json\/wp\/v2\/pages"}],"about":[{"href":"http:\/\/www.abmshipping.com\/index.php\/wp-json\/wp\/v2\/types\/page"}],"author":[{"embeddable":true,"href":"http:\/\/www.abmshipping.com\/index.php\/wp-json\/wp\/v2\/users\/1"}],"replies":[{"embeddable":true,"href":"http:\/\/www.abmshipping.com\/index.php\/wp-json\/wp\/v2\/comments?post=100"}],"version-history":[{"count":30,"href":"http:\/\/www.abmshipping.com\/index.php\/wp-json\/wp\/v2\/pages\/100\/revisions"}],"predecessor-version":[{"id":1137,"href":"http:\/\/www.abmshipping.com\/index.php\/wp-json\/wp\/v2\/pages\/100\/revisions\/1137"}],"wp:attachment":[{"href":"http:\/\/www.abmshipping.com\/index.php\/wp-json\/wp\/v2\/media?parent=100"}],"curies":[{"name":"wp","href":"https:\/\/api.w.org\/{rel}","templated":true}]}}